{"id":149,"date":"2014-07-27T12:00:46","date_gmt":"2014-07-27T10:00:46","guid":{"rendered":"http:\/\/www.pgd-sostanj.si\/?page_id=149"},"modified":"2024-01-04T13:08:33","modified_gmt":"2024-01-04T12:08:33","slug":"pvv-1","status":"publish","type":"page","link":"http:\/\/www.pgd-sostanj.si\/?page_id=149","title":{"rendered":"GVV &#8211; 1"},"content":{"rendered":"<p><a href=\"http:\/\/www.pgd-sostanj.si\/wp-content\/uploads\/2020\/02\/IMG_20190607_200902.jpg\"><img loading=\"lazy\" decoding=\"async\" class=\"alignnone wp-image-5013 size-full\" src=\"http:\/\/www.pgd-sostanj.si\/wp-content\/uploads\/2020\/02\/IMG_20190607_200902.jpg\" alt=\"\" width=\"5120\" height=\"3414\" srcset=\"http:\/\/www.pgd-sostanj.si\/wp-content\/uploads\/2020\/02\/IMG_20190607_200902.jpg 5120w, http:\/\/www.pgd-sostanj.si\/wp-content\/uploads\/2020\/02\/IMG_20190607_200902-300x200.jpg 300w, http:\/\/www.pgd-sostanj.si\/wp-content\/uploads\/2020\/02\/IMG_20190607_200902-768x512.jpg 768w, http:\/\/www.pgd-sostanj.si\/wp-content\/uploads\/2020\/02\/IMG_20190607_200902-1024x683.jpg 1024w, http:\/\/www.pgd-sostanj.si\/wp-content\/uploads\/2020\/02\/IMG_20190607_200902-2000x1334.jpg 2000w\" sizes=\"auto, (max-width: 5120px) 100vw, 5120px\" \/><\/a><\/p>\n<p style=\"text-align: center;\"><strong>GVV &#8211; 1<\/strong><\/p>\n<table class=\" aligncenter\" width=\"546\">\n<tbody>\n<tr>\n<td colspan=\"2\" width=\"203\">Namen\/vrsta vozila<\/td>\n<td colspan=\"2\" width=\"337\">Manj\u0161e gasilsko vozilo z vodo<\/td>\n<\/tr>\n<tr>\n<td colspan=\"2\" width=\"203\">Leto izdelave<\/td>\n<td width=\"140\">2005<\/td>\n<td width=\"195\"><\/td>\n<\/tr>\n<tr>\n<td colspan=\"2\" width=\"203\">Registrska oznaka<\/td>\n<td width=\"140\">CE UP &#8211; 384<\/td>\n<td width=\"195\"><\/td>\n<\/tr>\n<tr>\n<td colspan=\"2\" width=\"203\">Posadka vozila<\/td>\n<td width=\"140\">1 + 5<\/td>\n<td width=\"195\"><\/td>\n<\/tr>\n<tr>\n<td colspan=\"2\" width=\"203\">Proizvajalec<\/td>\n<td colspan=\"2\" width=\"337\">MERCEDES BENZ<\/td>\n<\/tr>\n<tr>\n<td width=\"63\">Oznaka<\/td>\n<td width=\"137\"><\/td>\n<td colspan=\"2\" width=\"337\">SPRINTER 416\/CDI<\/td>\n<\/tr>\n<tr>\n<td colspan=\"2\" width=\"203\">Nadgradnja<\/td>\n<td colspan=\"2\" width=\"337\">GASILSKA VOZILA PU\u0160NIK d.o.o.<\/td>\n<\/tr>\n<tr>\n<td colspan=\"2\" width=\"203\">Prostornina<\/td>\n<td colspan=\"2\" width=\"337\">2685 cm3<\/td>\n<\/tr>\n<tr>\n<td colspan=\"2\" width=\"203\">Mo\u010d<\/td>\n<td colspan=\"2\" width=\"337\">115 kW<\/td>\n<\/tr>\n<tr>\n<td colspan=\"2\" width=\"203\">Dimenzije vozila d\/\u0161\/v (mm)<\/td>\n<td colspan=\"2\" width=\"337\">5730\/1994\/2590<\/td>\n<\/tr>\n<tr>\n<td colspan=\"2\" width=\"203\">Koli\u010dina vode<\/td>\n<td width=\"140\">450 l<\/td>\n<td width=\"195\"><\/td>\n<\/tr>\n<tr>\n<td colspan=\"2\" width=\"203\">Koli\u010dina penila<\/td>\n<td width=\"140\">40 l<\/td>\n<td width=\"195\"><\/td>\n<\/tr>\n<tr>\n<td width=\"63\">\u010crpalka<\/td>\n<td width=\"137\"><\/td>\n<td colspan=\"2\" width=\"337\">REA AR 503<\/td>\n<\/tr>\n<tr>\n<td colspan=\"2\" width=\"203\">Elektroagregat<\/td>\n<td width=\"140\">WFM P70 7,0 kVA<\/td>\n<td width=\"195\"><\/td>\n<\/tr>\n<tr>\n<td colspan=\"2\" width=\"203\">Svetlobni stolp<\/td>\n<td colspan=\"2\" width=\"337\">4 X 500 W<\/td>\n<\/tr>\n<tr>\n<td colspan=\"2\" width=\"203\">Vle\u010dna vitla<\/td>\n<td colspan=\"2\" width=\"337\">MAMUT CE &#8211; 9000, 4080 kg<\/td>\n<\/tr>\n<tr>\n<td colspan=\"2\" width=\"203\">Izpihovalec<\/td>\n<td colspan=\"2\" width=\"337\">TEMPEST TGB 214 T 5,5<\/td>\n<\/tr>\n<\/tbody>\n<\/table>\n<div id='gallery-1' class='gallery galleryid-149 gallery-columns-3 gallery-size-medium'><figure class='gallery-item'>\n\t\t\t<div class='gallery-icon landscape'>\n\t\t\t\t<a title=\"6\" href='http:\/\/www.pgd-sostanj.si\/wp-content\/uploads\/2014\/07\/6.jpg'><img loading=\"lazy\" decoding=\"async\" width=\"300\" height=\"225\" src=\"http:\/\/www.pgd-sostanj.si\/wp-content\/uploads\/2014\/07\/6-300x225.jpg\" class=\"attachment-medium size-medium\" alt=\"\" srcset=\"http:\/\/www.pgd-sostanj.si\/wp-content\/uploads\/2014\/07\/6-300x225.jpg 300w, http:\/\/www.pgd-sostanj.si\/wp-content\/uploads\/2014\/07\/6-320x240.jpg 320w, http:\/\/www.pgd-sostanj.si\/wp-content\/uploads\/2014\/07\/6.jpg 1024w\" sizes=\"auto, 100vw\" \/><\/a>\n\t\t\t<\/div><\/figure><figure class='gallery-item'>\n\t\t\t<div class='gallery-icon landscape'>\n\t\t\t\t<a title=\"17\" href='http:\/\/www.pgd-sostanj.si\/wp-content\/uploads\/2014\/07\/17.jpg'><img loading=\"lazy\" decoding=\"async\" width=\"300\" height=\"225\" src=\"http:\/\/www.pgd-sostanj.si\/wp-content\/uploads\/2014\/07\/17-300x225.jpg\" class=\"attachment-medium size-medium\" alt=\"\" srcset=\"http:\/\/www.pgd-sostanj.si\/wp-content\/uploads\/2014\/07\/17-300x225.jpg 300w, http:\/\/www.pgd-sostanj.si\/wp-content\/uploads\/2014\/07\/17-320x240.jpg 320w, http:\/\/www.pgd-sostanj.si\/wp-content\/uploads\/2014\/07\/17.jpg 1024w\" sizes=\"auto, 100vw\" \/><\/a>\n\t\t\t<\/div><\/figure><figure class='gallery-item'>\n\t\t\t<div class='gallery-icon landscape'>\n\t\t\t\t<a title=\"16\" href='http:\/\/www.pgd-sostanj.si\/wp-content\/uploads\/2014\/07\/16.jpg'><img loading=\"lazy\" decoding=\"async\" width=\"300\" height=\"225\" src=\"http:\/\/www.pgd-sostanj.si\/wp-content\/uploads\/2014\/07\/16-300x225.jpg\" class=\"attachment-medium size-medium\" alt=\"\" srcset=\"http:\/\/www.pgd-sostanj.si\/wp-content\/uploads\/2014\/07\/16-300x225.jpg 300w, http:\/\/www.pgd-sostanj.si\/wp-content\/uploads\/2014\/07\/16-320x240.jpg 320w, http:\/\/www.pgd-sostanj.si\/wp-content\/uploads\/2014\/07\/16.jpg 1024w\" sizes=\"auto, 100vw\" \/><\/a>\n\t\t\t<\/div><\/figure><figure class='gallery-item'>\n\t\t\t<div class='gallery-icon landscape'>\n\t\t\t\t<a title=\"15\" href='http:\/\/www.pgd-sostanj.si\/wp-content\/uploads\/2014\/07\/15.jpg'><img loading=\"lazy\" decoding=\"async\" width=\"300\" height=\"225\" src=\"http:\/\/www.pgd-sostanj.si\/wp-content\/uploads\/2014\/07\/15-300x225.jpg\" class=\"attachment-medium size-medium\" alt=\"\" srcset=\"http:\/\/www.pgd-sostanj.si\/wp-content\/uploads\/2014\/07\/15-300x225.jpg 300w, http:\/\/www.pgd-sostanj.si\/wp-content\/uploads\/2014\/07\/15-320x240.jpg 320w, http:\/\/www.pgd-sostanj.si\/wp-content\/uploads\/2014\/07\/15.jpg 1024w\" sizes=\"auto, 100vw\" \/><\/a>\n\t\t\t<\/div><\/figure><figure class='gallery-item'>\n\t\t\t<div class='gallery-icon landscape'>\n\t\t\t\t<a title=\"14\" href='http:\/\/www.pgd-sostanj.si\/wp-content\/uploads\/2014\/07\/14.jpg'><img loading=\"lazy\" decoding=\"async\" width=\"300\" height=\"225\" src=\"http:\/\/www.pgd-sostanj.si\/wp-content\/uploads\/2014\/07\/14-300x225.jpg\" class=\"attachment-medium size-medium\" alt=\"\" srcset=\"http:\/\/www.pgd-sostanj.si\/wp-content\/uploads\/2014\/07\/14-300x225.jpg 300w, http:\/\/www.pgd-sostanj.si\/wp-content\/uploads\/2014\/07\/14-320x240.jpg 320w, http:\/\/www.pgd-sostanj.si\/wp-content\/uploads\/2014\/07\/14.jpg 1024w\" sizes=\"auto, 100vw\" \/><\/a>\n\t\t\t<\/div><\/figure><figure class='gallery-item'>\n\t\t\t<div class='gallery-icon landscape'>\n\t\t\t\t<a title=\"13\" href='http:\/\/www.pgd-sostanj.si\/wp-content\/uploads\/2014\/07\/13.jpg'><img loading=\"lazy\" decoding=\"async\" width=\"300\" height=\"225\" src=\"http:\/\/www.pgd-sostanj.si\/wp-content\/uploads\/2014\/07\/13-300x225.jpg\" class=\"attachment-medium size-medium\" alt=\"\" srcset=\"http:\/\/www.pgd-sostanj.si\/wp-content\/uploads\/2014\/07\/13-300x225.jpg 300w, http:\/\/www.pgd-sostanj.si\/wp-content\/uploads\/2014\/07\/13-320x240.jpg 320w, http:\/\/www.pgd-sostanj.si\/wp-content\/uploads\/2014\/07\/13.jpg 1024w\" sizes=\"auto, 100vw\" \/><\/a>\n\t\t\t<\/div><\/figure><figure class='gallery-item'>\n\t\t\t<div class='gallery-icon landscape'>\n\t\t\t\t<a title=\"11\" href='http:\/\/www.pgd-sostanj.si\/wp-content\/uploads\/2014\/07\/11.jpg'><img loading=\"lazy\" decoding=\"async\" width=\"300\" height=\"225\" src=\"http:\/\/www.pgd-sostanj.si\/wp-content\/uploads\/2014\/07\/11-300x225.jpg\" class=\"attachment-medium size-medium\" alt=\"\" srcset=\"http:\/\/www.pgd-sostanj.si\/wp-content\/uploads\/2014\/07\/11-300x225.jpg 300w, http:\/\/www.pgd-sostanj.si\/wp-content\/uploads\/2014\/07\/11-320x240.jpg 320w, http:\/\/www.pgd-sostanj.si\/wp-content\/uploads\/2014\/07\/11.jpg 1024w\" sizes=\"auto, 100vw\" \/><\/a>\n\t\t\t<\/div><\/figure><figure class='gallery-item'>\n\t\t\t<div class='gallery-icon landscape'>\n\t\t\t\t<a title=\"10\" href='http:\/\/www.pgd-sostanj.si\/wp-content\/uploads\/2014\/07\/10.jpg'><img loading=\"lazy\" decoding=\"async\" width=\"300\" height=\"225\" src=\"http:\/\/www.pgd-sostanj.si\/wp-content\/uploads\/2014\/07\/10-300x225.jpg\" class=\"attachment-medium size-medium\" alt=\"\" srcset=\"http:\/\/www.pgd-sostanj.si\/wp-content\/uploads\/2014\/07\/10-300x225.jpg 300w, http:\/\/www.pgd-sostanj.si\/wp-content\/uploads\/2014\/07\/10-320x240.jpg 320w, http:\/\/www.pgd-sostanj.si\/wp-content\/uploads\/2014\/07\/10.jpg 1024w\" sizes=\"auto, 100vw\" \/><\/a>\n\t\t\t<\/div><\/figure><figure class='gallery-item'>\n\t\t\t<div class='gallery-icon landscape'>\n\t\t\t\t<a title=\"9\" href='http:\/\/www.pgd-sostanj.si\/wp-content\/uploads\/2014\/07\/9.jpg'><img loading=\"lazy\" decoding=\"async\" width=\"300\" height=\"225\" src=\"http:\/\/www.pgd-sostanj.si\/wp-content\/uploads\/2014\/07\/9-300x225.jpg\" class=\"attachment-medium size-medium\" alt=\"\" srcset=\"http:\/\/www.pgd-sostanj.si\/wp-content\/uploads\/2014\/07\/9-300x225.jpg 300w, http:\/\/www.pgd-sostanj.si\/wp-content\/uploads\/2014\/07\/9-320x240.jpg 320w, http:\/\/www.pgd-sostanj.si\/wp-content\/uploads\/2014\/07\/9.jpg 1024w\" sizes=\"auto, 100vw\" \/><\/a>\n\t\t\t<\/div><\/figure><figure class='gallery-item'>\n\t\t\t<div class='gallery-icon portrait'>\n\t\t\t\t<a title=\"12\" href='http:\/\/www.pgd-sostanj.si\/wp-content\/uploads\/2014\/07\/12.jpg'><img loading=\"lazy\" decoding=\"async\" width=\"225\" height=\"300\" src=\"http:\/\/www.pgd-sostanj.si\/wp-content\/uploads\/2014\/07\/12-225x300.jpg\" class=\"attachment-medium size-medium\" alt=\"\" srcset=\"http:\/\/www.pgd-sostanj.si\/wp-content\/uploads\/2014\/07\/12-225x300.jpg 225w, http:\/\/www.pgd-sostanj.si\/wp-content\/uploads\/2014\/07\/12.jpg 768w\" sizes=\"auto, 100vw\" \/><\/a>\n\t\t\t<\/div><\/figure><figure class='gallery-item'>\n\t\t\t<div class='gallery-icon portrait'>\n\t\t\t\t<a title=\"19\" href='http:\/\/www.pgd-sostanj.si\/wp-content\/uploads\/2014\/07\/19.jpg'><img loading=\"lazy\" decoding=\"async\" width=\"225\" height=\"300\" src=\"http:\/\/www.pgd-sostanj.si\/wp-content\/uploads\/2014\/07\/19-225x300.jpg\" class=\"attachment-medium size-medium\" alt=\"\" srcset=\"http:\/\/www.pgd-sostanj.si\/wp-content\/uploads\/2014\/07\/19-225x300.jpg 225w, http:\/\/www.pgd-sostanj.si\/wp-content\/uploads\/2014\/07\/19.jpg 768w\" sizes=\"auto, 100vw\" \/><\/a>\n\t\t\t<\/div><\/figure><figure class='gallery-item'>\n\t\t\t<div class='gallery-icon portrait'>\n\t\t\t\t<a title=\"18\" href='http:\/\/www.pgd-sostanj.si\/wp-content\/uploads\/2014\/07\/18.jpg'><img loading=\"lazy\" decoding=\"async\" width=\"225\" height=\"300\" src=\"http:\/\/www.pgd-sostanj.si\/wp-content\/uploads\/2014\/07\/18-225x300.jpg\" class=\"attachment-medium size-medium\" alt=\"\" srcset=\"http:\/\/www.pgd-sostanj.si\/wp-content\/uploads\/2014\/07\/18-225x300.jpg 225w, http:\/\/www.pgd-sostanj.si\/wp-content\/uploads\/2014\/07\/18.jpg 768w\" sizes=\"auto, 100vw\" \/><\/a>\n\t\t\t<\/div><\/figure>\n\t\t<\/div>\n\n","protected":false},"excerpt":{"rendered":"<p>GVV &#8211; 1 Namen\/vrsta vozila Manj\u0161e gasilsko vozilo z vodo Leto izdelave 2005 Registrska oznaka CE UP &#8211; 384 Posadka vozila 1 + 5 Proizvajalec MERCEDES BENZ Oznaka SPRINTER 416\/CDI Nadgradnja GASILSKA VOZILA PU\u0160NIK d.o.o. Prostornina 2685 cm3 Mo\u010d 115 kW Dimenzije vozila d\/\u0161\/v (mm) 5730\/1994\/2590 Koli\u010dina vode 450 l Koli\u010dina penila 40 l \u010crpalka &hellip; <\/p>\n<p class=\"link-more\"><a href=\"http:\/\/www.pgd-sostanj.si\/?page_id=149\" class=\"more-link\">Read more<span class=\"screen-reader-text\"> &#8220;GVV &#8211; 1&#8221;<\/span><\/a><\/p>\n","protected":false},"author":5,"featured_media":5013,"parent":360,"menu_order":3,"comment_status":"closed","ping_status":"closed","template":"","meta":{"footnotes":""},"class_list":["post-149","page","type-page","status-publish","has-post-thumbnail","hentry"],"_links":{"self":[{"href":"http:\/\/www.pgd-sostanj.si\/index.php?rest_route=\/wp\/v2\/pages\/149","targetHints":{"allow":["GET"]}}],"collection":[{"href":"http:\/\/www.pgd-sostanj.si\/index.php?rest_route=\/wp\/v2\/pages"}],"about":[{"href":"http:\/\/www.pgd-sostanj.si\/index.php?rest_route=\/wp\/v2\/types\/page"}],"author":[{"embeddable":true,"href":"http:\/\/www.pgd-sostanj.si\/index.php?rest_route=\/wp\/v2\/users\/5"}],"replies":[{"embeddable":true,"href":"http:\/\/www.pgd-sostanj.si\/index.php?rest_route=%2Fwp%2Fv2%2Fcomments&post=149"}],"version-history":[{"count":12,"href":"http:\/\/www.pgd-sostanj.si\/index.php?rest_route=\/wp\/v2\/pages\/149\/revisions"}],"predecessor-version":[{"id":5949,"href":"http:\/\/www.pgd-sostanj.si\/index.php?rest_route=\/wp\/v2\/pages\/149\/revisions\/5949"}],"up":[{"embeddable":true,"href":"http:\/\/www.pgd-sostanj.si\/index.php?rest_route=\/wp\/v2\/pages\/360"}],"wp:featuredmedia":[{"embeddable":true,"href":"http:\/\/www.pgd-sostanj.si\/index.php?rest_route=\/wp\/v2\/media\/5013"}],"wp:attachment":[{"href":"http:\/\/www.pgd-sostanj.si\/index.php?rest_route=%2Fwp%2Fv2%2Fmedia&parent=149"}],"curies":[{"name":"wp","href":"https:\/\/api.w.org\/{rel}","templated":true}]}}