{"id":152,"date":"2014-07-27T12:01:12","date_gmt":"2014-07-27T10:01:12","guid":{"rendered":"http:\/\/www.pgd-sostanj.si\/?page_id=152"},"modified":"2025-05-05T14:46:12","modified_gmt":"2025-05-05T12:46:12","slug":"gvc-2450","status":"publish","type":"page","link":"http:\/\/www.pgd-sostanj.si\/?page_id=152","title":{"rendered":"GVC &#8211; 2"},"content":{"rendered":"<p style=\"text-align: center;\"><a href=\"http:\/\/www.pgd-sostanj.si\/wp-content\/uploads\/2024\/01\/IMG_1289_resized-scaled.jpg\"><img loading=\"lazy\" decoding=\"async\" class=\"alignnone wp-image-5910 size-full\" src=\"http:\/\/www.pgd-sostanj.si\/wp-content\/uploads\/2024\/01\/IMG_1289_resized-scaled.jpg\" alt=\"\" width=\"2560\" height=\"1707\" srcset=\"http:\/\/www.pgd-sostanj.si\/wp-content\/uploads\/2024\/01\/IMG_1289_resized-scaled.jpg 2560w, http:\/\/www.pgd-sostanj.si\/wp-content\/uploads\/2024\/01\/IMG_1289_resized-300x200.jpg 300w, http:\/\/www.pgd-sostanj.si\/wp-content\/uploads\/2024\/01\/IMG_1289_resized-1024x683.jpg 1024w, http:\/\/www.pgd-sostanj.si\/wp-content\/uploads\/2024\/01\/IMG_1289_resized-768x512.jpg 768w, http:\/\/www.pgd-sostanj.si\/wp-content\/uploads\/2024\/01\/IMG_1289_resized-1536x1024.jpg 1536w, http:\/\/www.pgd-sostanj.si\/wp-content\/uploads\/2024\/01\/IMG_1289_resized-2048x1365.jpg 2048w, http:\/\/www.pgd-sostanj.si\/wp-content\/uploads\/2024\/01\/IMG_1289_resized-847x565.jpg 847w, http:\/\/www.pgd-sostanj.si\/wp-content\/uploads\/2024\/01\/IMG_1289_resized-scaled-2000x1334.jpg 2000w\" sizes=\"auto, (max-width: 2560px) 100vw, 2560px\" \/><\/a><\/p>\n<p style=\"text-align: center;\"><strong>\u00a0<\/strong><\/p>\n<table class=\" aligncenter\" width=\"533\">\n<tbody>\n<tr>\n<td colspan=\"3\" width=\"204\">Vrsta vozila<\/td>\n<td colspan=\"3\" width=\"323\">Gasilsko vozilo s cisterno<\/td>\n<\/tr>\n<tr>\n<td colspan=\"3\" width=\"204\">Leto izdelave<\/td>\n<td width=\"128\">2009<\/td>\n<td colspan=\"2\" width=\"194\"><\/td>\n<\/tr>\n<tr>\n<td colspan=\"3\" width=\"204\">Registrska oznaka<\/td>\n<td width=\"128\">CE ZL &#8211; 067<\/td>\n<td colspan=\"2\" width=\"194\"><\/td>\n<\/tr>\n<tr>\n<td colspan=\"3\" width=\"204\">Posadka vozila<\/td>\n<td width=\"128\">1 + 2<\/td>\n<td colspan=\"2\" width=\"194\"><\/td>\n<\/tr>\n<tr>\n<td colspan=\"3\" width=\"204\">Proizvajalec<\/td>\n<td colspan=\"3\" width=\"323\">SCANIA<\/td>\n<\/tr>\n<tr>\n<td width=\"63\">Podvozje<\/td>\n<td colspan=\"2\" width=\"139\"><\/td>\n<td colspan=\"3\" width=\"323\">P 380 CB 4X4 HHZ<\/td>\n<\/tr>\n<tr>\n<td width=\"63\">Nadgradnja<\/td>\n<td colspan=\"2\" width=\"139\"><\/td>\n<td colspan=\"3\" width=\"323\">GASILSKA VOZILA PU\u0160NIK d. o. o.<\/td>\n<\/tr>\n<tr>\n<td colspan=\"3\" width=\"204\">Prostornina<\/td>\n<td colspan=\"3\" width=\"323\">11705 cm3<\/td>\n<\/tr>\n<tr>\n<td colspan=\"3\" width=\"204\">Mo\u010d<\/td>\n<td colspan=\"3\" width=\"323\">279 kW<\/td>\n<\/tr>\n<tr>\n<td colspan=\"3\" width=\"204\">Koli\u010dina vode<\/td>\n<td width=\"128\">5000 l<\/td>\n<td colspan=\"2\" width=\"194\"><\/td>\n<\/tr>\n<tr>\n<td colspan=\"3\" width=\"204\">Koli\u010dina penila<\/td>\n<td width=\"128\">500 l<\/td>\n<td colspan=\"2\" width=\"194\"><\/td>\n<\/tr>\n<tr>\n<td width=\"63\">\u010crpalka<\/td>\n<td colspan=\"2\" width=\"139\"><\/td>\n<td colspan=\"3\" width=\"323\">ROSENBAUER NH 35<\/td>\n<\/tr>\n<tr>\n<td colspan=\"3\" width=\"204\">Elektroagregat<\/td>\n<td colspan=\"2\" width=\"304\">ENDRESS 1206 DBG \u2013 GT ES 11,1\u00a0 kVA<\/td>\n<td width=\"17\"><\/td>\n<\/tr>\n<tr>\n<td colspan=\"3\" width=\"204\">Svetlobni stolp<\/td>\n<td colspan=\"3\" width=\"323\">2 x 1000 W<\/td>\n<\/tr>\n<tr>\n<td colspan=\"3\" width=\"204\">Vodni top<\/td>\n<td colspan=\"3\" width=\"323\">Pohorje GT 2400<\/td>\n<\/tr>\n<tr>\n<td colspan=\"3\" width=\"204\">Elektri\u010dna vitla<\/td>\n<td colspan=\"3\" width=\"323\">WARN\u00a0 M 15000<\/td>\n<\/tr>\n<\/tbody>\n<\/table>\n<div id='gallery-1' class='gallery galleryid-152 gallery-columns-3 gallery-size-thumbnail'><figure class='gallery-item'>\n\t\t\t<div class='gallery-icon landscape'>\n\t\t\t\t<a title=\"IMG_1273_resized\" href='http:\/\/www.pgd-sostanj.si\/wp-content\/uploads\/2024\/01\/IMG_1273_resized-scaled.jpg'><img loading=\"lazy\" decoding=\"async\" width=\"150\" height=\"150\" src=\"http:\/\/www.pgd-sostanj.si\/wp-content\/uploads\/2024\/01\/IMG_1273_resized-150x150.jpg\" class=\"attachment-thumbnail size-thumbnail\" alt=\"\" srcset=\"http:\/\/www.pgd-sostanj.si\/wp-content\/uploads\/2024\/01\/IMG_1273_resized-150x150.jpg 150w, http:\/\/www.pgd-sostanj.si\/wp-content\/uploads\/2024\/01\/IMG_1273_resized-65x65.jpg 65w\" sizes=\"auto, 100vw\" \/><\/a>\n\t\t\t<\/div><\/figure><figure class='gallery-item'>\n\t\t\t<div class='gallery-icon landscape'>\n\t\t\t\t<a title=\"IMG_1282_resized\" href='http:\/\/www.pgd-sostanj.si\/wp-content\/uploads\/2024\/01\/IMG_1282_resized-scaled.jpg'><img loading=\"lazy\" decoding=\"async\" width=\"150\" height=\"150\" src=\"http:\/\/www.pgd-sostanj.si\/wp-content\/uploads\/2024\/01\/IMG_1282_resized-150x150.jpg\" class=\"attachment-thumbnail size-thumbnail\" alt=\"\" srcset=\"http:\/\/www.pgd-sostanj.si\/wp-content\/uploads\/2024\/01\/IMG_1282_resized-150x150.jpg 150w, http:\/\/www.pgd-sostanj.si\/wp-content\/uploads\/2024\/01\/IMG_1282_resized-65x65.jpg 65w\" sizes=\"auto, 100vw\" \/><\/a>\n\t\t\t<\/div><\/figure><figure class='gallery-item'>\n\t\t\t<div class='gallery-icon landscape'>\n\t\t\t\t<a title=\"IMG_1277_resized\" href='http:\/\/www.pgd-sostanj.si\/wp-content\/uploads\/2024\/01\/IMG_1277_resized-scaled.jpg'><img loading=\"lazy\" decoding=\"async\" width=\"150\" height=\"150\" src=\"http:\/\/www.pgd-sostanj.si\/wp-content\/uploads\/2024\/01\/IMG_1277_resized-150x150.jpg\" class=\"attachment-thumbnail size-thumbnail\" alt=\"\" srcset=\"http:\/\/www.pgd-sostanj.si\/wp-content\/uploads\/2024\/01\/IMG_1277_resized-150x150.jpg 150w, http:\/\/www.pgd-sostanj.si\/wp-content\/uploads\/2024\/01\/IMG_1277_resized-65x65.jpg 65w\" sizes=\"auto, 100vw\" \/><\/a>\n\t\t\t<\/div><\/figure><figure class='gallery-item'>\n\t\t\t<div class='gallery-icon landscape'>\n\t\t\t\t<a title=\"40\" href='http:\/\/www.pgd-sostanj.si\/wp-content\/uploads\/2014\/07\/40.jpg'><img loading=\"lazy\" decoding=\"async\" width=\"150\" height=\"150\" src=\"http:\/\/www.pgd-sostanj.si\/wp-content\/uploads\/2014\/07\/40-150x150.jpg\" class=\"attachment-thumbnail size-thumbnail\" alt=\"\" srcset=\"http:\/\/www.pgd-sostanj.si\/wp-content\/uploads\/2014\/07\/40-150x150.jpg 150w, http:\/\/www.pgd-sostanj.si\/wp-content\/uploads\/2014\/07\/40-65x65.jpg 65w\" sizes=\"auto, 100vw\" \/><\/a>\n\t\t\t<\/div><\/figure><figure class='gallery-item'>\n\t\t\t<div class='gallery-icon landscape'>\n\t\t\t\t<a title=\"42\" href='http:\/\/www.pgd-sostanj.si\/wp-content\/uploads\/2014\/07\/42.jpg'><img loading=\"lazy\" decoding=\"async\" width=\"150\" height=\"150\" src=\"http:\/\/www.pgd-sostanj.si\/wp-content\/uploads\/2014\/07\/42-150x150.jpg\" class=\"attachment-thumbnail size-thumbnail\" alt=\"\" srcset=\"http:\/\/www.pgd-sostanj.si\/wp-content\/uploads\/2014\/07\/42-150x150.jpg 150w, http:\/\/www.pgd-sostanj.si\/wp-content\/uploads\/2014\/07\/42-65x65.jpg 65w\" sizes=\"auto, 100vw\" \/><\/a>\n\t\t\t<\/div><\/figure><figure class='gallery-item'>\n\t\t\t<div class='gallery-icon landscape'>\n\t\t\t\t<a title=\"41\" href='http:\/\/www.pgd-sostanj.si\/wp-content\/uploads\/2014\/07\/41.jpg'><img loading=\"lazy\" decoding=\"async\" width=\"150\" height=\"150\" src=\"http:\/\/www.pgd-sostanj.si\/wp-content\/uploads\/2014\/07\/41-150x150.jpg\" class=\"attachment-thumbnail size-thumbnail\" alt=\"\" srcset=\"http:\/\/www.pgd-sostanj.si\/wp-content\/uploads\/2014\/07\/41-150x150.jpg 150w, http:\/\/www.pgd-sostanj.si\/wp-content\/uploads\/2014\/07\/41-65x65.jpg 65w\" sizes=\"auto, 100vw\" \/><\/a>\n\t\t\t<\/div><\/figure><figure class='gallery-item'>\n\t\t\t<div class='gallery-icon landscape'>\n\t\t\t\t<a title=\"44\" href='http:\/\/www.pgd-sostanj.si\/wp-content\/uploads\/2014\/07\/44.jpg'><img loading=\"lazy\" decoding=\"async\" width=\"150\" height=\"150\" src=\"http:\/\/www.pgd-sostanj.si\/wp-content\/uploads\/2014\/07\/44-150x150.jpg\" class=\"attachment-thumbnail size-thumbnail\" alt=\"\" srcset=\"http:\/\/www.pgd-sostanj.si\/wp-content\/uploads\/2014\/07\/44-150x150.jpg 150w, http:\/\/www.pgd-sostanj.si\/wp-content\/uploads\/2014\/07\/44-65x65.jpg 65w\" sizes=\"auto, 100vw\" \/><\/a>\n\t\t\t<\/div><\/figure><figure class='gallery-item'>\n\t\t\t<div class='gallery-icon portrait'>\n\t\t\t\t<a title=\"43\" href='http:\/\/www.pgd-sostanj.si\/wp-content\/uploads\/2014\/07\/43.jpg'><img loading=\"lazy\" decoding=\"async\" width=\"150\" height=\"150\" src=\"http:\/\/www.pgd-sostanj.si\/wp-content\/uploads\/2014\/07\/43-150x150.jpg\" class=\"attachment-thumbnail size-thumbnail\" alt=\"\" srcset=\"http:\/\/www.pgd-sostanj.si\/wp-content\/uploads\/2014\/07\/43-150x150.jpg 150w, http:\/\/www.pgd-sostanj.si\/wp-content\/uploads\/2014\/07\/43-65x65.jpg 65w\" sizes=\"auto, 100vw\" \/><\/a>\n\t\t\t<\/div><\/figure><figure class='gallery-item'>\n\t\t\t<div class='gallery-icon landscape'>\n\t\t\t\t<a title=\"33\" href='http:\/\/www.pgd-sostanj.si\/wp-content\/uploads\/2014\/07\/33.jpg'><img loading=\"lazy\" decoding=\"async\" width=\"150\" height=\"150\" src=\"http:\/\/www.pgd-sostanj.si\/wp-content\/uploads\/2014\/07\/33-150x150.jpg\" class=\"attachment-thumbnail size-thumbnail\" alt=\"\" srcset=\"http:\/\/www.pgd-sostanj.si\/wp-content\/uploads\/2014\/07\/33-150x150.jpg 150w, http:\/\/www.pgd-sostanj.si\/wp-content\/uploads\/2014\/07\/33-65x65.jpg 65w\" sizes=\"auto, 100vw\" \/><\/a>\n\t\t\t<\/div><\/figure><figure class='gallery-item'>\n\t\t\t<div class='gallery-icon landscape'>\n\t\t\t\t<a title=\"34\" href='http:\/\/www.pgd-sostanj.si\/wp-content\/uploads\/2014\/07\/34.jpg'><img loading=\"lazy\" decoding=\"async\" width=\"150\" height=\"150\" src=\"http:\/\/www.pgd-sostanj.si\/wp-content\/uploads\/2014\/07\/34-150x150.jpg\" class=\"attachment-thumbnail size-thumbnail\" alt=\"\" srcset=\"http:\/\/www.pgd-sostanj.si\/wp-content\/uploads\/2014\/07\/34-150x150.jpg 150w, http:\/\/www.pgd-sostanj.si\/wp-content\/uploads\/2014\/07\/34-65x65.jpg 65w\" sizes=\"auto, 100vw\" \/><\/a>\n\t\t\t<\/div><\/figure><figure class='gallery-item'>\n\t\t\t<div class='gallery-icon landscape'>\n\t\t\t\t<a title=\"35\" href='http:\/\/www.pgd-sostanj.si\/wp-content\/uploads\/2014\/07\/35.jpg'><img loading=\"lazy\" decoding=\"async\" width=\"150\" height=\"150\" src=\"http:\/\/www.pgd-sostanj.si\/wp-content\/uploads\/2014\/07\/35-150x150.jpg\" class=\"attachment-thumbnail size-thumbnail\" alt=\"\" srcset=\"http:\/\/www.pgd-sostanj.si\/wp-content\/uploads\/2014\/07\/35-150x150.jpg 150w, http:\/\/www.pgd-sostanj.si\/wp-content\/uploads\/2014\/07\/35-65x65.jpg 65w\" sizes=\"auto, 100vw\" \/><\/a>\n\t\t\t<\/div><\/figure><figure class='gallery-item'>\n\t\t\t<div class='gallery-icon portrait'>\n\t\t\t\t<a title=\"38\" href='http:\/\/www.pgd-sostanj.si\/wp-content\/uploads\/2014\/07\/38.jpg'><img loading=\"lazy\" decoding=\"async\" width=\"150\" height=\"150\" src=\"http:\/\/www.pgd-sostanj.si\/wp-content\/uploads\/2014\/07\/38-150x150.jpg\" class=\"attachment-thumbnail size-thumbnail\" alt=\"\" srcset=\"http:\/\/www.pgd-sostanj.si\/wp-content\/uploads\/2014\/07\/38-150x150.jpg 150w, http:\/\/www.pgd-sostanj.si\/wp-content\/uploads\/2014\/07\/38-65x65.jpg 65w\" sizes=\"auto, 100vw\" \/><\/a>\n\t\t\t<\/div><\/figure><figure class='gallery-item'>\n\t\t\t<div class='gallery-icon landscape'>\n\t\t\t\t<a title=\"37\" href='http:\/\/www.pgd-sostanj.si\/wp-content\/uploads\/2014\/07\/37.jpg'><img loading=\"lazy\" decoding=\"async\" width=\"150\" height=\"150\" src=\"http:\/\/www.pgd-sostanj.si\/wp-content\/uploads\/2014\/07\/37-150x150.jpg\" class=\"attachment-thumbnail size-thumbnail\" alt=\"\" srcset=\"http:\/\/www.pgd-sostanj.si\/wp-content\/uploads\/2014\/07\/37-150x150.jpg 150w, http:\/\/www.pgd-sostanj.si\/wp-content\/uploads\/2014\/07\/37-65x65.jpg 65w\" sizes=\"auto, 100vw\" \/><\/a>\n\t\t\t<\/div><\/figure><figure class='gallery-item'>\n\t\t\t<div class='gallery-icon portrait'>\n\t\t\t\t<a title=\"36\" href='http:\/\/www.pgd-sostanj.si\/wp-content\/uploads\/2014\/07\/36.jpg'><img loading=\"lazy\" decoding=\"async\" width=\"150\" height=\"150\" src=\"http:\/\/www.pgd-sostanj.si\/wp-content\/uploads\/2014\/07\/36-150x150.jpg\" class=\"attachment-thumbnail size-thumbnail\" alt=\"\" srcset=\"http:\/\/www.pgd-sostanj.si\/wp-content\/uploads\/2014\/07\/36-150x150.jpg 150w, http:\/\/www.pgd-sostanj.si\/wp-content\/uploads\/2014\/07\/36-65x65.jpg 65w\" sizes=\"auto, 100vw\" \/><\/a>\n\t\t\t<\/div><\/figure>\n\t\t<\/div>\n\n","protected":false},"excerpt":{"rendered":"<p>\u00a0 Vrsta vozila Gasilsko vozilo s cisterno Leto izdelave 2009 Registrska oznaka CE ZL &#8211; 067 Posadka vozila 1 + 2 Proizvajalec SCANIA Podvozje P 380 CB 4X4 HHZ Nadgradnja GASILSKA VOZILA PU\u0160NIK d. o. o. Prostornina 11705 cm3 Mo\u010d 279 kW Koli\u010dina vode 5000 l Koli\u010dina penila 500 l \u010crpalka ROSENBAUER NH 35 Elektroagregat &hellip; <\/p>\n<p class=\"link-more\"><a href=\"http:\/\/www.pgd-sostanj.si\/?page_id=152\" class=\"more-link\">Read more<span class=\"screen-reader-text\"> &#8220;GVC &#8211; 2&#8221;<\/span><\/a><\/p>\n","protected":false},"author":5,"featured_media":5910,"parent":360,"menu_order":5,"comment_status":"closed","ping_status":"closed","template":"","meta":{"footnotes":""},"class_list":["post-152","page","type-page","status-publish","has-post-thumbnail","hentry"],"_links":{"self":[{"href":"http:\/\/www.pgd-sostanj.si\/index.php?rest_route=\/wp\/v2\/pages\/152","targetHints":{"allow":["GET"]}}],"collection":[{"href":"http:\/\/www.pgd-sostanj.si\/index.php?rest_route=\/wp\/v2\/pages"}],"about":[{"href":"http:\/\/www.pgd-sostanj.si\/index.php?rest_route=\/wp\/v2\/types\/page"}],"author":[{"embeddable":true,"href":"http:\/\/www.pgd-sostanj.si\/index.php?rest_route=\/wp\/v2\/users\/5"}],"replies":[{"embeddable":true,"href":"http:\/\/www.pgd-sostanj.si\/index.php?rest_route=%2Fwp%2Fv2%2Fcomments&post=152"}],"version-history":[{"count":17,"href":"http:\/\/www.pgd-sostanj.si\/index.php?rest_route=\/wp\/v2\/pages\/152\/revisions"}],"predecessor-version":[{"id":5918,"href":"http:\/\/www.pgd-sostanj.si\/index.php?rest_route=\/wp\/v2\/pages\/152\/revisions\/5918"}],"up":[{"embeddable":true,"href":"http:\/\/www.pgd-sostanj.si\/index.php?rest_route=\/wp\/v2\/pages\/360"}],"wp:featuredmedia":[{"embeddable":true,"href":"http:\/\/www.pgd-sostanj.si\/index.php?rest_route=\/wp\/v2\/media\/5910"}],"wp:attachment":[{"href":"http:\/\/www.pgd-sostanj.si\/index.php?rest_route=%2Fwp%2Fv2%2Fmedia&parent=152"}],"curies":[{"name":"wp","href":"https:\/\/api.w.org\/{rel}","templated":true}]}}