{"id":158,"date":"2014-07-27T12:01:56","date_gmt":"2014-07-27T10:01:56","guid":{"rendered":"http:\/\/www.pgd-sostanj.si\/?page_id=158"},"modified":"2024-01-04T13:09:41","modified_gmt":"2024-01-04T12:09:41","slug":"alk-18","status":"publish","type":"page","link":"http:\/\/www.pgd-sostanj.si\/?page_id=158","title":{"rendered":"ALK &#8211; 18"},"content":{"rendered":"<p>&nbsp;<\/p>\n<p>&nbsp;<\/p>\n<p style=\"text-align: center;\"><a href=\"http:\/\/www.pgd-sostanj.si\/wp-content\/uploads\/2014\/07\/27.jpg\"><img loading=\"lazy\" decoding=\"async\" class=\"alignnone wp-image-310 size-large\" src=\"http:\/\/www.pgd-sostanj.si\/wp-content\/uploads\/2014\/07\/27-1024x768.jpg\" alt=\"27\" width=\"1024\" height=\"768\" srcset=\"http:\/\/www.pgd-sostanj.si\/wp-content\/uploads\/2014\/07\/27-1024x768.jpg 1024w, http:\/\/www.pgd-sostanj.si\/wp-content\/uploads\/2014\/07\/27-300x225.jpg 300w, http:\/\/www.pgd-sostanj.si\/wp-content\/uploads\/2014\/07\/27-320x240.jpg 320w, http:\/\/www.pgd-sostanj.si\/wp-content\/uploads\/2014\/07\/27.jpg 2048w\" sizes=\"auto, (max-width: 1024px) 100vw, 1024px\" \/><\/a><\/p>\n<p style=\"text-align: center;\"><strong>\u00a0<\/strong><\/p>\n<table class=\" aligncenter\" width=\"533\">\n<tbody>\n<tr>\n<td colspan=\"2\" width=\"203\">Namen\/vrsta vozila<\/td>\n<td colspan=\"2\" width=\"325\">Vozilo za ga\u0161enje in re\u0161evanje iz vi\u0161in<\/td>\n<\/tr>\n<tr>\n<td colspan=\"2\" width=\"203\">Leto izdelave<\/td>\n<td width=\"128\">1996<\/td>\n<td width=\"195\"><\/td>\n<\/tr>\n<tr>\n<td colspan=\"2\" width=\"203\">Registrska oznaka<\/td>\n<td width=\"128\">CE E5 &#8211; 415<\/td>\n<td width=\"195\"><\/td>\n<\/tr>\n<tr>\n<td colspan=\"2\" width=\"203\">Posadka vozila<\/td>\n<td width=\"128\">1 + 2<\/td>\n<td width=\"195\"><\/td>\n<\/tr>\n<tr>\n<td colspan=\"2\" width=\"203\">Proizvajalec<\/td>\n<td colspan=\"2\" width=\"325\">BRONTO SKYLIFT F18 MDT<\/td>\n<\/tr>\n<tr>\n<td width=\"63\">Podvozje<\/td>\n<td width=\"137\"><\/td>\n<td colspan=\"2\" width=\"325\">MERCEDES BENZ<\/td>\n<\/tr>\n<tr>\n<td colspan=\"2\" width=\"203\">Prostornina<\/td>\n<td colspan=\"2\" width=\"325\">5958 cm3<\/td>\n<\/tr>\n<tr>\n<td colspan=\"2\" width=\"203\">Mo\u010d<\/td>\n<td colspan=\"2\" width=\"325\">125 kW<\/td>\n<\/tr>\n<tr>\n<td colspan=\"2\" width=\"203\">Dimenzije vozila d\/\u0161\/v (mm)<\/td>\n<td colspan=\"2\" width=\"325\">8550\/2500\/3400<\/td>\n<\/tr>\n<tr>\n<td colspan=\"2\" width=\"203\">Maksimalna delovna vi\u0161ina<\/td>\n<td colspan=\"2\" width=\"325\">18 m<\/td>\n<\/tr>\n<\/tbody>\n<\/table>\n<p><a href=\"http:\/\/www.pgd-sostanj.si\/wp-content\/uploads\/2014\/07\/31.jpg\"><img loading=\"lazy\" decoding=\"async\" class=\"alignnone wp-image-314\" src=\"http:\/\/www.pgd-sostanj.si\/wp-content\/uploads\/2014\/07\/31-300x225.jpg\" alt=\"31\" width=\"250\" height=\"188\" srcset=\"http:\/\/www.pgd-sostanj.si\/wp-content\/uploads\/2014\/07\/31-300x225.jpg 300w, http:\/\/www.pgd-sostanj.si\/wp-content\/uploads\/2014\/07\/31-1024x768.jpg 1024w, http:\/\/www.pgd-sostanj.si\/wp-content\/uploads\/2014\/07\/31-320x240.jpg 320w, http:\/\/www.pgd-sostanj.si\/wp-content\/uploads\/2014\/07\/31.jpg 2048w\" sizes=\"auto, (max-width: 250px) 100vw, 250px\" \/><\/a> <a href=\"http:\/\/www.pgd-sostanj.si\/wp-content\/uploads\/2014\/07\/30.jpg\"><img loading=\"lazy\" decoding=\"async\" class=\"alignnone wp-image-313\" src=\"http:\/\/www.pgd-sostanj.si\/wp-content\/uploads\/2014\/07\/30-300x225.jpg\" alt=\"30\" width=\"250\" height=\"188\" srcset=\"http:\/\/www.pgd-sostanj.si\/wp-content\/uploads\/2014\/07\/30-300x225.jpg 300w, http:\/\/www.pgd-sostanj.si\/wp-content\/uploads\/2014\/07\/30-1024x768.jpg 1024w, http:\/\/www.pgd-sostanj.si\/wp-content\/uploads\/2014\/07\/30-320x240.jpg 320w, http:\/\/www.pgd-sostanj.si\/wp-content\/uploads\/2014\/07\/30.jpg 2048w\" sizes=\"auto, (max-width: 250px) 100vw, 250px\" \/><\/a> <a href=\"http:\/\/www.pgd-sostanj.si\/wp-content\/uploads\/2014\/07\/29.jpg\"><img loading=\"lazy\" decoding=\"async\" class=\"alignnone wp-image-312\" src=\"http:\/\/www.pgd-sostanj.si\/wp-content\/uploads\/2014\/07\/29-300x225.jpg\" alt=\"29\" width=\"250\" height=\"188\" srcset=\"http:\/\/www.pgd-sostanj.si\/wp-content\/uploads\/2014\/07\/29-300x225.jpg 300w, http:\/\/www.pgd-sostanj.si\/wp-content\/uploads\/2014\/07\/29-1024x768.jpg 1024w, http:\/\/www.pgd-sostanj.si\/wp-content\/uploads\/2014\/07\/29-320x240.jpg 320w, http:\/\/www.pgd-sostanj.si\/wp-content\/uploads\/2014\/07\/29.jpg 2048w\" sizes=\"auto, (max-width: 250px) 100vw, 250px\" \/><\/a> <a href=\"http:\/\/www.pgd-sostanj.si\/wp-content\/uploads\/2014\/07\/28.jpg\"><img loading=\"lazy\" decoding=\"async\" class=\"alignnone wp-image-311\" src=\"http:\/\/www.pgd-sostanj.si\/wp-content\/uploads\/2014\/07\/28-300x225.jpg\" alt=\"28\" width=\"250\" height=\"188\" srcset=\"http:\/\/www.pgd-sostanj.si\/wp-content\/uploads\/2014\/07\/28-300x225.jpg 300w, http:\/\/www.pgd-sostanj.si\/wp-content\/uploads\/2014\/07\/28-1024x768.jpg 1024w, http:\/\/www.pgd-sostanj.si\/wp-content\/uploads\/2014\/07\/28-320x240.jpg 320w, http:\/\/www.pgd-sostanj.si\/wp-content\/uploads\/2014\/07\/28.jpg 2048w\" sizes=\"auto, (max-width: 250px) 100vw, 250px\" \/><\/a> <a href=\"http:\/\/www.pgd-sostanj.si\/wp-content\/uploads\/2014\/07\/26.jpg\"><img loading=\"lazy\" decoding=\"async\" class=\"alignnone wp-image-309\" src=\"http:\/\/www.pgd-sostanj.si\/wp-content\/uploads\/2014\/07\/26-300x225.jpg\" alt=\"26\" width=\"250\" height=\"188\" srcset=\"http:\/\/www.pgd-sostanj.si\/wp-content\/uploads\/2014\/07\/26-300x225.jpg 300w, http:\/\/www.pgd-sostanj.si\/wp-content\/uploads\/2014\/07\/26-1024x768.jpg 1024w, http:\/\/www.pgd-sostanj.si\/wp-content\/uploads\/2014\/07\/26-320x240.jpg 320w, http:\/\/www.pgd-sostanj.si\/wp-content\/uploads\/2014\/07\/26.jpg 2048w\" sizes=\"auto, (max-width: 250px) 100vw, 250px\" \/><\/a><\/p>\n","protected":false},"excerpt":{"rendered":"<p>&nbsp; &nbsp; \u00a0 Namen\/vrsta vozila Vozilo za ga\u0161enje in re\u0161evanje iz vi\u0161in Leto izdelave 1996 Registrska oznaka CE E5 &#8211; 415 Posadka vozila 1 + 2 Proizvajalec BRONTO SKYLIFT F18 MDT Podvozje MERCEDES BENZ Prostornina 5958 cm3 Mo\u010d 125 kW Dimenzije vozila d\/\u0161\/v (mm) 8550\/2500\/3400 Maksimalna delovna vi\u0161ina 18 m<\/p>\n","protected":false},"author":5,"featured_media":5158,"parent":360,"menu_order":6,"comment_status":"closed","ping_status":"closed","template":"","meta":{"footnotes":""},"class_list":["post-158","page","type-page","status-publish","has-post-thumbnail","hentry"],"_links":{"self":[{"href":"http:\/\/www.pgd-sostanj.si\/index.php?rest_route=\/wp\/v2\/pages\/158","targetHints":{"allow":["GET"]}}],"collection":[{"href":"http:\/\/www.pgd-sostanj.si\/index.php?rest_route=\/wp\/v2\/pages"}],"about":[{"href":"http:\/\/www.pgd-sostanj.si\/index.php?rest_route=\/wp\/v2\/types\/page"}],"author":[{"embeddable":true,"href":"http:\/\/www.pgd-sostanj.si\/index.php?rest_route=\/wp\/v2\/users\/5"}],"replies":[{"embeddable":true,"href":"http:\/\/www.pgd-sostanj.si\/index.php?rest_route=%2Fwp%2Fv2%2Fcomments&post=158"}],"version-history":[{"count":7,"href":"http:\/\/www.pgd-sostanj.si\/index.php?rest_route=\/wp\/v2\/pages\/158\/revisions"}],"predecessor-version":[{"id":5954,"href":"http:\/\/www.pgd-sostanj.si\/index.php?rest_route=\/wp\/v2\/pages\/158\/revisions\/5954"}],"up":[{"embeddable":true,"href":"http:\/\/www.pgd-sostanj.si\/index.php?rest_route=\/wp\/v2\/pages\/360"}],"wp:featuredmedia":[{"embeddable":true,"href":"http:\/\/www.pgd-sostanj.si\/index.php?rest_route=\/wp\/v2\/media\/5158"}],"wp:attachment":[{"href":"http:\/\/www.pgd-sostanj.si\/index.php?rest_route=%2Fwp%2Fv2%2Fmedia&parent=158"}],"curies":[{"name":"wp","href":"https:\/\/api.w.org\/{rel}","templated":true}]}}