{"id":168,"date":"2014-07-27T12:06:32","date_gmt":"2014-07-27T10:06:32","guid":{"rendered":"http:\/\/www.pgd-sostanj.si\/?page_id=168"},"modified":"2025-04-22T14:12:48","modified_gmt":"2025-04-22T12:12:48","slug":"pozarni-okolis","status":"publish","type":"page","link":"http:\/\/www.pgd-sostanj.si\/?page_id=168","title":{"rendered":"Po\u017earni okoli\u0161"},"content":{"rendered":"<h1 style=\"text-align: center;\"><strong>PREDSTAVITEV OPERATIVNEGA OBMO\u010cJA DRU\u0160TVA<\/strong><\/h1>\n<p><a href=\"http:\/\/www.pgd-sostanj.si\/wp-content\/uploads\/2020\/02\/Po\u017earni-rajon-PGD-\u0160o\u0161tanj-mesto.jpg\"><img loading=\"lazy\" decoding=\"async\" class=\"alignnone size-full wp-image-5035\" src=\"http:\/\/www.pgd-sostanj.si\/wp-content\/uploads\/2020\/02\/Po\u017earni-rajon-PGD-\u0160o\u0161tanj-mesto.jpg\" alt=\"\" width=\"5000\" height=\"3668\" srcset=\"http:\/\/www.pgd-sostanj.si\/wp-content\/uploads\/2020\/02\/Po\u017earni-rajon-PGD-\u0160o\u0161tanj-mesto.jpg 5000w, http:\/\/www.pgd-sostanj.si\/wp-content\/uploads\/2020\/02\/Po\u017earni-rajon-PGD-\u0160o\u0161tanj-mesto-300x220.jpg 300w, http:\/\/www.pgd-sostanj.si\/wp-content\/uploads\/2020\/02\/Po\u017earni-rajon-PGD-\u0160o\u0161tanj-mesto-768x563.jpg 768w, http:\/\/www.pgd-sostanj.si\/wp-content\/uploads\/2020\/02\/Po\u017earni-rajon-PGD-\u0160o\u0161tanj-mesto-1024x751.jpg 1024w\" sizes=\"auto, (max-width: 5000px) 100vw, 5000px\" \/><\/a><\/p>\n<h3>\u00a0Operativno obmo\u010dje PGD \u0160o\u0161tanj \u2013 mesto pokriva teritorij ob\u010dine \u0160o\u0161tanj<\/h3>\n<p><strong><em>PGD \u0160o\u0161tanj-mesto<\/em><\/strong> je osrednje gasilsko dru\u0161tvo v ob\u010dini. Pokriva najve\u010dji del ob\u010dine, kar dobre 52% vsakega obmo\u010dja v ob\u010dini in dobrih 62% vsega prebivalstva. Kraj \u0160o\u0161tanj je prete\u017eno ravninski del, je strnjeno tr\u0161ko naselje s poslovno trgovskimi objekti in stanovanjskimi bloki do 4 nadstropja, industrijski objekti pa se nahajajo izven centra mesta. Ostala obmo\u010dja v tem po\u017earnem rajonu so prete\u017eno hribovita s tipi\u010dno va\u0161ko poselitvijo.<\/p>\n<p>&nbsp;<\/p>\n<h3>\u00a0Ostali del ob\u010dine \u0160o\u0161tanj pa pokrivajo ostala prostovoljna gasilska dru\u0161tva<\/h3>\n<p><strong><em>PGD Topol\u0161ica<\/em><\/strong> pokriva dobre 32% povr\u0161ine ob\u010dine in 18% prebivalstva. Pokriva hribovite zaselke z veliko gozdno pora\u0161\u010denostjo (Zavodnje in \u0160entvid), vse do vi\u0161ine pribli\u017eno 1000 m. Izrazito pa izstopa ni\u017einski del kjer je strnjeno naselje z velikim zdravili\u0161ko-turisti\u010dnem kompleksu na obmo\u010dju Topol\u0161ice. Na tem rajonu se nahaja tudi pristajalno-vzletna steza za Aero Klub Velenje.<\/p>\n<p>&nbsp;<\/p>\n<p><strong><em>PGD Lokovica<\/em><\/strong> pokriva celotno KS Lokovica, kar je dobrih 10% obmo\u010dja in 9% prebivalstva. To je dolina, katero levo in desno obdajajo hribi, skozi dolino pa te\u010de \u0160ale\u0161ka magistrala.<\/p>\n<p><strong>\u00a0<\/strong><\/p>\n<p><strong><em>PGD Gaberke<\/em><\/strong> pokriva celotno KS Gaberke, ter obmejni del KS Ravne, kar je 10%\u00a0 obmo\u010dja in slabe 6% prebivalstva. Gaberke so gosto naseljene in se nadaljujejo v dolino Velunje. Po tej dolini te\u010de potok Velunja, kateri je uvr\u0161\u010den pod hudourni\u0161ke potoke. Zaradi la\u017eje in hitrej\u0161e dostopnosti pa ta enota dostikrat pokriva tudi del po\u017earnega rajona PGD \u0160kale in del rajona PGD Podgorje pri Slovenj Gradcu.<\/p>\n<p>&nbsp;<\/p>\n<h2>\u00a0Obmo\u010dje na\u0161ega PGD meji na teritorij<\/h2>\n<p><strong><em>PGD Pesje<\/em><\/strong>\u00a0\u00a0\u00a0\u00a0\u00a0\u00a0\u00a0\u00a0\u00a0\u00a0\u00a0\u00a0\u00a0\u00a0\u00a0\u00a0 v ob\u010dini Velenje<\/p>\n<p><strong><em>PGD Pa\u0161ka vas<\/em><\/strong>\u00a0 \u00a0 \u00a0 \u00a0 v ob\u010dini \u0160martno ob Paki<\/p>\n<p><strong><em>PGD Mozirje<\/em><\/strong>\u00a0\u00a0\u00a0\u00a0\u00a0\u00a0\u00a0\u00a0\u00a0\u00a0\u00a0\u00a0\u00a0 v ob\u010dini Mozirje<\/p>\n<p><strong><em>PGD Topol\u0161ica<\/em><\/strong>\u00a0\u00a0\u00a0\u00a0\u00a0\u00a0\u00a0\u00a0\u00a0 v ob\u010dini \u0160o\u0161tanj<\/p>\n<p><strong><em>PGD Gaberke\u00a0\u00a0\u00a0\u00a0\u00a0\u00a0\u00a0\u00a0\u00a0\u00a0\u00a0 <\/em><\/strong>v ob\u010dini \u0160o\u0161tanj<\/p>\n<p><strong><em>PGD Lokovica<\/em><\/strong>\u00a0\u00a0\u00a0\u00a0\u00a0\u00a0\u00a0\u00a0\u00a0\u00a0 v ob\u010dini \u0160o\u0161tanj<\/p>\n<p>&nbsp;<\/p>\n<p>Na\u0161e PGD pokriva mestno jedro, ter oddaljena hribovita naselja. Skupna povr\u0161ina, ki jo pokriva zna\u0161a 5.069 ha. Skupno \u0161tevilo prebivalcev obmo\u010dja je 5.110.<\/p>\n<p>&nbsp;<\/p>\n<p><strong><em>\u0160TEVILO PREBIVALCEV PO NASELJIH<\/em><\/strong><\/p>\n<table>\n<tbody>\n<tr>\n<td width=\"206\"><strong>Krajevna skupnost<\/strong><\/td>\n<td width=\"142\"><strong>\u0161t. prebivalcev<\/strong><\/td>\n<\/tr>\n<tr>\n<td width=\"206\">\u0160o\u0161tanj<\/td>\n<td width=\"142\">2.769<\/td>\n<\/tr>\n<tr>\n<td width=\"206\">Skorno, Florjan<\/td>\n<td width=\"142\">1.096<\/td>\n<\/tr>\n<tr>\n<td width=\"206\">Ravne<\/td>\n<td width=\"142\">1.061<\/td>\n<\/tr>\n<tr>\n<td width=\"206\">Bele Vode<\/td>\n<td width=\"142\">245<\/td>\n<\/tr>\n<\/tbody>\n<\/table>\n<p>&nbsp;<\/p>\n<h2>\u00a0Seznam javnih objektov, obrtnikov in stavb z nad dvema nadstropjema<\/h2>\n<table>\n<tbody>\n<tr>\n<td width=\"206\"><strong>OBJEKT<\/strong><\/td>\n<td width=\"142\"><strong>Obmo\u010dje KS<\/strong><\/td>\n<\/tr>\n<tr>\n<td width=\"206\">Termoelektrarna \u0160o\u0161tanj<\/td>\n<td width=\"142\">\u0160o\u0161tanj<\/td>\n<\/tr>\n<tr>\n<td width=\"206\">Gorenje \u2013 Mekom<\/td>\n<td width=\"142\">\u0160o\u0161tanj<\/td>\n<\/tr>\n<tr>\n<td width=\"206\">TU\u0160 \u2013 Pilon center<\/td>\n<td width=\"142\">\u0160o\u0161tanj<\/td>\n<\/tr>\n<tr>\n<td width=\"206\">Bloki Cankarjevo naselje<\/td>\n<td width=\"142\">\u0160o\u0161tanj<\/td>\n<\/tr>\n<tr>\n<td width=\"206\">Bloki Tovarni\u0161ka pot<\/td>\n<td width=\"142\">\u0160o\u0161tanj<\/td>\n<\/tr>\n<tr>\n<td width=\"206\">Bloki Kajuhova ulica<\/td>\n<td width=\"142\">\u0160o\u0161tanj<\/td>\n<\/tr>\n<tr>\n<td width=\"206\">Osnovna \u0161ola \u0160o\u0161tanj<\/td>\n<td width=\"142\">\u0160o\u0161tanj<\/td>\n<\/tr>\n<tr>\n<td width=\"206\">Lamiles \u2013 lesni izdelki<\/td>\n<td width=\"142\">Florjan<\/td>\n<\/tr>\n<tr>\n<td width=\"206\">Mizarstvo Pergovnik<\/td>\n<td width=\"142\">Ravne<\/td>\n<\/tr>\n<tr>\n<td width=\"206\">Vulkanizerstvo \u2013 Vr\u010dkovnik<\/td>\n<td width=\"142\">\u0160o\u0161tanj<\/td>\n<\/tr>\n<tr>\n<td width=\"206\">Gorenje \u2013 kopalnice<\/td>\n<td width=\"142\">\u0160o\u0161tanj<\/td>\n<\/tr>\n<tr>\n<td width=\"206\">\u017dagarstvo Savinek<\/td>\n<td width=\"142\">Bele Vode<\/td>\n<\/tr>\n<tr>\n<td width=\"206\">\u017dagarstvo Virnek<\/td>\n<td width=\"142\">\u0160o\u0161tanj<\/td>\n<\/tr>\n<\/tbody>\n<\/table>\n<h2>\u00a0 Seznam sakralnih in drugih zgodovinskih objektov<\/h2>\n<table>\n<tbody>\n<tr>\n<td width=\"55\"><strong>zap.\u0161t.<\/strong><\/td>\n<td width=\"150\"><strong>OBJEKT<\/strong><\/td>\n<td width=\"142\"><strong>Obmo\u010dje KS<\/strong><\/td>\n<\/tr>\n<tr>\n<td width=\"55\"><\/td>\n<td width=\"150\"><strong><em>Napotnikova galerija<\/em><\/strong><\/td>\n<td width=\"142\">\u0160o\u0161tanj<\/td>\n<\/tr>\n<tr>\n<td width=\"55\"><\/td>\n<td width=\"150\"><strong><em>Muzej usnjarstva<\/em><\/strong><\/td>\n<td width=\"142\">\u0160o\u0161tanj<\/td>\n<\/tr>\n<tr>\n<td width=\"55\"><\/td>\n<td width=\"150\"><strong><em>Vila \u0160iroko, Metle\u010de<\/em><\/strong><\/td>\n<td width=\"142\">\u0160o\u0161tanj<\/td>\n<\/tr>\n<tr>\n<td width=\"55\"><\/td>\n<td width=\"150\"><strong><em>Gra\u0161\u010dina Gutenbachl<\/em><\/strong><\/td>\n<td width=\"142\">Ravne<\/td>\n<\/tr>\n<tr>\n<td width=\"55\"><\/td>\n<td width=\"150\"><strong><em>Grad Turn<\/em><\/strong><\/td>\n<td width=\"142\">\u0160o\u0161tanj<\/td>\n<\/tr>\n<tr>\n<td width=\"55\"><\/td>\n<td width=\"150\"><strong><em>Pusti grad<\/em><\/strong><\/td>\n<td width=\"142\">\u0160o\u0161tanj<\/td>\n<\/tr>\n<tr>\n<td width=\"55\"><\/td>\n<td width=\"150\"><strong><em>Mornova zijalka<\/em><\/strong><\/td>\n<td width=\"142\">Bele Vode<\/td>\n<\/tr>\n<tr>\n<td width=\"55\"><\/td>\n<td width=\"150\"><strong><em>Cerkev \u2013 me\u017enarija<\/em><\/strong><\/td>\n<td width=\"142\">Bele Vode<\/td>\n<\/tr>\n<tr>\n<td width=\"55\"><\/td>\n<td width=\"150\"><strong><em>Mestna cerkev<\/em><\/strong><\/td>\n<td width=\"142\">\u0160o\u0161tanj<\/td>\n<\/tr>\n<tr>\n<td width=\"55\"><\/td>\n<td width=\"150\"><strong><em>\u017dupnijska cerkev<\/em><\/strong><\/td>\n<td width=\"142\">\u0160o\u0161tanj<\/td>\n<\/tr>\n<tr>\n<td width=\"55\"><\/td>\n<td width=\"150\"><strong><em>Trg Bratov Mravljak<\/em><\/strong><\/td>\n<td width=\"142\">\u0160o\u0161tanj<\/td>\n<\/tr>\n<tr>\n<td width=\"55\"><\/td>\n<td width=\"150\"><strong><em>Vila Mayer<\/em><\/strong><\/td>\n<td width=\"142\">\u0160o\u0161tanj<\/td>\n<\/tr>\n<\/tbody>\n<\/table>\n<p>&nbsp;<\/p>\n<h2>\u00a0Stanje komunalne infrastrukture<\/h2>\n<p>Ceste v mestu, naseljih in njegovi okolici so asfaltirane in prevozne skozi vse leto. Za te\u017eka gasilska vozila so v ve\u010dini primerov primerna. Ob ve\u010djem de\u017eevju so nekatere ceste neprevozne zaradi poplavljenosti ali zaradi pro\u017eenja plazov. Pozimi pa je ob ve\u010djem sne\u017eenju do plu\u017eenja ote\u017eena vo\u017enja po ve\u010dini cest. PGD \u0160o\u0161tanj skupaj z ob\u010dinskim poveljstvom ve\u010dkrat letno organizira pregled in spoznavanje prevoznosti cest.<\/p>\n<p>&nbsp;<\/p>\n<h2>\u00a0Oskrba z elektri\u010dno energijo<\/h2>\n<table>\n<tbody>\n<tr>\n<td width=\"54\"><strong>zap.\u0161t.<\/strong><\/td>\n<td width=\"151\"><strong>Ime objekta<\/strong><\/td>\n<td width=\"142\"><strong>Lokacija objekta<\/strong><\/td>\n<td width=\"76\"><strong>Mo\u010d<\/strong><\/td>\n<\/tr>\n<tr>\n<td width=\"54\"><\/td>\n<td width=\"151\"><strong><em>TE \u0160o\u0161tanj<\/em><\/strong><\/td>\n<td width=\"142\">\u0160o\u0161tanj<\/td>\n<td width=\"76\">790 MW<\/td>\n<\/tr>\n<tr>\n<td width=\"54\"><\/td>\n<td width=\"151\"><strong><em>Hidro el. Me\u017enar<\/em><\/strong><\/td>\n<td width=\"142\">Florjan (ob cesti)<\/td>\n<td width=\"76\">20 KW<\/td>\n<\/tr>\n<tr>\n<td width=\"54\"><\/td>\n<td width=\"151\"><strong><em>Hidro el. Rezoni\u010dnik<\/em><\/strong><\/td>\n<td width=\"142\">Bele Vode (Zaloka)<\/td>\n<td width=\"76\">20 KW<\/td>\n<\/tr>\n<tr>\n<td width=\"54\"><\/td>\n<td width=\"151\"><strong><em>Hidro el. Marin\u0161ek<\/em><\/strong><\/td>\n<td width=\"142\">Bele Vode (Zaloka)<\/td>\n<td width=\"76\">20 KW<\/td>\n<\/tr>\n<tr>\n<td width=\"54\"><\/td>\n<td width=\"151\"><strong><em>Elektro Celje<\/em><\/strong><\/td>\n<td width=\"142\">Velenje &#8211; Pesje<\/td>\n<td width=\"76\"><\/td>\n<\/tr>\n<\/tbody>\n<\/table>\n<p>&nbsp;<\/p>\n<h2>Oskrba s plinom<\/h2>\n<p>Na obmo\u010dju, ki ga pokriva na\u0161e PGD nimamo\u00a0 zemeljskega plinovoda, vendar obstajajo posamezna gospodinjstva, ki se ogrevajo preko lastnega plinovoda. To\u010dnih podatkov nimamo.<\/p>\n<h2>\u00a0Oskrba s kurilnim oljem<\/h2>\n<p>Na podro\u010dju\u00a0 PGD \u0160o\u0161tanj &#8211; mesto se ravno tako gospodinjstva ogrevajo na kurilno olje. Teh gospodinjstev je ve\u010d, vendar to\u010dnih podatkov prav tako nimamo.<\/p>\n<h2>\u00a0Oskrba z ogrevanjem iz toplovoda<\/h2>\n<p>Na podro\u010dju PGD \u0160o\u0161tanj &#8211; mesto se ve\u010dina krajanov ogreva iz toplovoda.<\/p>\n<h2>\u00a0Oskrba z vodo<\/h2>\n<p>Z vodovodom iz Grmovega vrha je povezan ve\u010dji del \u0160o\u0161tanja in okolice.<\/p>\n<h2>\u00a0Seznam hidrantov na obmo\u010dju PGD \u0160o\u0161tanj \u2013 mesto<\/h2>\n<p>Mikrolokacije nadzemnih in podzemnih hidrantov na na\u0161em operativnem obmo\u010dju so v prilogi na\u010drta.<\/p>\n<h2>\u00a0Seznam pomembnih zajetij po\u017earne vode<\/h2>\n<table>\n<tbody>\n<tr>\n<td width=\"54\"><strong>zap.\u0161t.<\/strong><\/td>\n<td width=\"151\"><strong>Ime podjetja<\/strong><\/td>\n<td width=\"189\"><strong>Objekt<\/strong><\/td>\n<td width=\"170\"><strong>opomba<\/strong><\/td>\n<\/tr>\n<tr>\n<td width=\"54\"><\/td>\n<td width=\"151\">TE \u0160o\u0161tanj<\/td>\n<td width=\"189\"><strong><em>Jez na Paki<\/em><\/strong><\/td>\n<td width=\"170\">Tehnolo\u0161ka voda<\/td>\n<\/tr>\n<tr>\n<td width=\"54\"><\/td>\n<td width=\"151\">TE \u0160o\u0161tanj \u2013 RLV<\/td>\n<td width=\"189\"><strong><em>Dru\u017emirsko jezero<\/em><\/strong><\/td>\n<td width=\"170\">Tehnolo\u0161ka voda<\/td>\n<\/tr>\n<tr>\n<td width=\"54\"><\/td>\n<td width=\"151\">TE \u0160o\u0161tanj<\/td>\n<td width=\"189\"><strong><em>Zajetje Topol\u0161ica<\/em><\/strong><\/td>\n<td width=\"170\">Tehnolo\u0161ka voda<\/td>\n<\/tr>\n<tr>\n<td width=\"54\"><\/td>\n<td width=\"151\">KP Velenje<\/td>\n<td width=\"189\"><strong><em>Vodohran Grmov vrh<\/em><\/strong><\/td>\n<td width=\"170\">Oskrba s pitno vodo<\/td>\n<\/tr>\n<tr>\n<td width=\"54\"><\/td>\n<td width=\"151\">KP Velenje<\/td>\n<td width=\"189\"><strong><em>Vodohran Pusti grad<\/em><\/strong><\/td>\n<td width=\"170\">Oskrba s pitno vodo<\/td>\n<\/tr>\n<tr>\n<td width=\"54\"><\/td>\n<td width=\"151\">KP Velenje<\/td>\n<td width=\"189\"><strong><em>Vodohran Skorno<\/em><\/strong><\/td>\n<td width=\"170\">Oskrba s pitno vodo<\/td>\n<\/tr>\n<tr>\n<td width=\"54\"><\/td>\n<td width=\"151\">KP Velenje<\/td>\n<td width=\"189\"><strong><em>Vodohran Ravne<\/em><\/strong><\/td>\n<td width=\"170\">Oskrba s pitno vodo<\/td>\n<\/tr>\n<tr>\n<td width=\"54\"><\/td>\n<td width=\"151\">KP Velenje<\/td>\n<td width=\"189\"><strong><em>Vodohran Lokovica<\/em><\/strong><\/td>\n<td width=\"170\">Oskrba s pitno vodo<\/td>\n<\/tr>\n<tr>\n<td width=\"54\"><\/td>\n<td width=\"151\">KP Velenje<\/td>\n<td width=\"189\"><strong><em>Vodohran \u0160entvid<\/em><\/strong><\/td>\n<td width=\"170\">Oskrba s pitno vodo<\/td>\n<\/tr>\n<tr>\n<td width=\"54\"><\/td>\n<td width=\"151\">KP Velenje<\/td>\n<td width=\"189\"><strong><em>Vodohran Zavodnje<\/em><\/strong><\/td>\n<td width=\"170\">Oskrba s pitno vodo<\/td>\n<\/tr>\n<tr>\n<td width=\"54\"><\/td>\n<td width=\"151\">KP Velenje<\/td>\n<td width=\"189\"><strong><em>\u010cistilna naprava <\/em><\/strong><\/td>\n<td width=\"170\">\u010ci\u0161\u010denje odpadnih vod<\/td>\n<\/tr>\n<tr>\n<td width=\"54\"><\/td>\n<td width=\"151\">KP Velenje<\/td>\n<td width=\"189\"><strong><em>Vodovod<\/em><\/strong><\/td>\n<td width=\"170\">Distribucija pitne vode<\/td>\n<\/tr>\n<\/tbody>\n<\/table>\n<h2>Ogro\u017eenost gozdov<\/h2>\n<p>Gozdovi, ki jih pokriva na\u0161e PGD so razvr\u0161\u010deni v III. kategorijo ogro\u017eenosti. Obmo\u010dje Smrekovca je zelo ogro\u017eeno zaradi te\u017eke dostopnosti ter pomanjkanja vode skozi vse leto. V primeru snega so ceste neprevozne.<\/p>\n<h2>\u00a0Nevarnost tehni\u010dnih intervencij z razli\u010dnimi nevarnimi snovmi<\/h2>\n<p>V Termoelektrarni \u0160o\u0161tanj uporabljajo nevarne snovi in je velika mo\u017enost, da pride do razlitja le teh. V Termoelektrarni uporabljajo vodik za hlajenje generatorja in zato obstaja velika mo\u017enost, da pride do eksplozije.<\/p>\n","protected":false},"excerpt":{"rendered":"<p>PREDSTAVITEV OPERATIVNEGA OBMO\u010cJA DRU\u0160TVA \u00a0Operativno obmo\u010dje PGD \u0160o\u0161tanj \u2013 mesto pokriva teritorij ob\u010dine \u0160o\u0161tanj PGD \u0160o\u0161tanj-mesto je osrednje gasilsko dru\u0161tvo v ob\u010dini. Pokriva najve\u010dji del ob\u010dine, kar dobre 52% vsakega obmo\u010dja v ob\u010dini in dobrih 62% vsega prebivalstva. Kraj \u0160o\u0161tanj je prete\u017eno ravninski del, je strnjeno tr\u0161ko naselje s poslovno trgovskimi objekti in stanovanjskimi bloki &hellip; <\/p>\n<p class=\"link-more\"><a href=\"http:\/\/www.pgd-sostanj.si\/?page_id=168\" class=\"more-link\">Read more<span class=\"screen-reader-text\"> &#8220;Po\u017earni okoli\u0161&#8221;<\/span><\/a><\/p>\n","protected":false},"author":5,"featured_media":0,"parent":35,"menu_order":3,"comment_status":"closed","ping_status":"closed","template":"","meta":{"footnotes":""},"class_list":["post-168","page","type-page","status-publish","hentry"],"_links":{"self":[{"href":"http:\/\/www.pgd-sostanj.si\/index.php?rest_route=\/wp\/v2\/pages\/168","targetHints":{"allow":["GET"]}}],"collection":[{"href":"http:\/\/www.pgd-sostanj.si\/index.php?rest_route=\/wp\/v2\/pages"}],"about":[{"href":"http:\/\/www.pgd-sostanj.si\/index.php?rest_route=\/wp\/v2\/types\/page"}],"author":[{"embeddable":true,"href":"http:\/\/www.pgd-sostanj.si\/index.php?rest_route=\/wp\/v2\/users\/5"}],"replies":[{"embeddable":true,"href":"http:\/\/www.pgd-sostanj.si\/index.php?rest_route=%2Fwp%2Fv2%2Fcomments&post=168"}],"version-history":[{"count":10,"href":"http:\/\/www.pgd-sostanj.si\/index.php?rest_route=\/wp\/v2\/pages\/168\/revisions"}],"predecessor-version":[{"id":6060,"href":"http:\/\/www.pgd-sostanj.si\/index.php?rest_route=\/wp\/v2\/pages\/168\/revisions\/6060"}],"up":[{"embeddable":true,"href":"http:\/\/www.pgd-sostanj.si\/index.php?rest_route=\/wp\/v2\/pages\/35"}],"wp:attachment":[{"href":"http:\/\/www.pgd-sostanj.si\/index.php?rest_route=%2Fwp%2Fv2%2Fmedia&parent=168"}],"curies":[{"name":"wp","href":"https:\/\/api.w.org\/{rel}","templated":true}]}}