{"id":219,"date":"2014-07-27T13:17:36","date_gmt":"2014-07-27T11:17:36","guid":{"rendered":"http:\/\/www.pgd-sostanj.si\/?page_id=219"},"modified":"2024-01-04T13:09:21","modified_gmt":"2024-01-04T12:09:21","slug":"grc-1","status":"publish","type":"page","link":"http:\/\/www.pgd-sostanj.si\/?page_id=219","title":{"rendered":"GR\u010c &#8211; 1"},"content":{"rendered":"<p style=\"text-align: center;\"><a href=\"http:\/\/www.pgd-sostanj.si\/wp-content\/uploads\/2014\/07\/53.jpg\"><img loading=\"lazy\" decoding=\"async\" class=\"alignnone wp-image-325 size-large\" src=\"http:\/\/www.pgd-sostanj.si\/wp-content\/uploads\/2014\/07\/53-1024x768.jpg\" alt=\"53\" width=\"1024\" height=\"768\" srcset=\"http:\/\/www.pgd-sostanj.si\/wp-content\/uploads\/2014\/07\/53-1024x768.jpg 1024w, http:\/\/www.pgd-sostanj.si\/wp-content\/uploads\/2014\/07\/53-300x225.jpg 300w, http:\/\/www.pgd-sostanj.si\/wp-content\/uploads\/2014\/07\/53-320x240.jpg 320w, http:\/\/www.pgd-sostanj.si\/wp-content\/uploads\/2014\/07\/53-2000x1500.jpg 2000w\" sizes=\"auto, (max-width: 1024px) 100vw, 1024px\" \/><\/a><\/p>\n<table class=\" aligncenter\" width=\"533\">\n<tbody>\n<tr>\n<td width=\"203\">Namen\/vrsta vozila<\/td>\n<td colspan=\"2\" width=\"325\">Gasilski re\u0161evalni \u010doln<\/td>\n<\/tr>\n<tr>\n<td width=\"203\">Leto izdelave<\/td>\n<td width=\"128\">2008<\/td>\n<td width=\"195\"><\/td>\n<\/tr>\n<tr>\n<td width=\"203\">Registrska oznaka<\/td>\n<td width=\"128\">KP &#8211; 4895<\/td>\n<td width=\"195\"><\/td>\n<\/tr>\n<tr>\n<td width=\"203\">Posadka vozila &#8211; max<\/td>\n<td width=\"128\">5<\/td>\n<td width=\"195\"><\/td>\n<\/tr>\n<tr>\n<td width=\"203\">Proizvajalec<\/td>\n<td colspan=\"2\" width=\"325\">MARINAR<\/td>\n<\/tr>\n<tr>\n<td width=\"203\">Tip \u010dolna<\/td>\n<td colspan=\"2\" width=\"325\">MARINAR S 400<\/td>\n<\/tr>\n<tr>\n<td width=\"203\">Izvenkrmni motor<\/td>\n<td colspan=\"2\" width=\"325\">VAMAHA F 30 AETS<\/td>\n<\/tr>\n<tr>\n<td width=\"203\">Dimenzije vozila d\/\u0161\/ (cm)<\/td>\n<td colspan=\"2\" width=\"325\">394\/186<\/td>\n<\/tr>\n<tr>\n<td width=\"203\">Premer tubusa (cm)<\/td>\n<td colspan=\"2\" width=\"325\">48<\/td>\n<\/tr>\n<tr>\n<td width=\"203\">Prikolica<\/td>\n<td colspan=\"2\" width=\"325\">LOK 350<\/td>\n<\/tr>\n<\/tbody>\n<\/table>\n","protected":false},"excerpt":{"rendered":"<p>Namen\/vrsta vozila Gasilski re\u0161evalni \u010doln Leto izdelave 2008 Registrska oznaka KP &#8211; 4895 Posadka vozila &#8211; max 5 Proizvajalec MARINAR Tip \u010dolna MARINAR S 400 Izvenkrmni motor VAMAHA F 30 AETS Dimenzije vozila d\/\u0161\/ (cm) 394\/186 Premer tubusa (cm) 48 Prikolica LOK 350<\/p>\n","protected":false},"author":5,"featured_media":325,"parent":360,"menu_order":7,"comment_status":"closed","ping_status":"closed","template":"","meta":{"footnotes":""},"class_list":["post-219","page","type-page","status-publish","has-post-thumbnail","hentry"],"_links":{"self":[{"href":"http:\/\/www.pgd-sostanj.si\/index.php?rest_route=\/wp\/v2\/pages\/219","targetHints":{"allow":["GET"]}}],"collection":[{"href":"http:\/\/www.pgd-sostanj.si\/index.php?rest_route=\/wp\/v2\/pages"}],"about":[{"href":"http:\/\/www.pgd-sostanj.si\/index.php?rest_route=\/wp\/v2\/types\/page"}],"author":[{"embeddable":true,"href":"http:\/\/www.pgd-sostanj.si\/index.php?rest_route=\/wp\/v2\/users\/5"}],"replies":[{"embeddable":true,"href":"http:\/\/www.pgd-sostanj.si\/index.php?rest_route=%2Fwp%2Fv2%2Fcomments&post=219"}],"version-history":[{"count":7,"href":"http:\/\/www.pgd-sostanj.si\/index.php?rest_route=\/wp\/v2\/pages\/219\/revisions"}],"predecessor-version":[{"id":5953,"href":"http:\/\/www.pgd-sostanj.si\/index.php?rest_route=\/wp\/v2\/pages\/219\/revisions\/5953"}],"up":[{"embeddable":true,"href":"http:\/\/www.pgd-sostanj.si\/index.php?rest_route=\/wp\/v2\/pages\/360"}],"wp:featuredmedia":[{"embeddable":true,"href":"http:\/\/www.pgd-sostanj.si\/index.php?rest_route=\/wp\/v2\/media\/325"}],"wp:attachment":[{"href":"http:\/\/www.pgd-sostanj.si\/index.php?rest_route=%2Fwp%2Fv2%2Fmedia&parent=219"}],"curies":[{"name":"wp","href":"https:\/\/api.w.org\/{rel}","templated":true}]}}