{"id":51,"date":"2014-07-27T11:22:25","date_gmt":"2014-07-27T09:22:25","guid":{"rendered":"http:\/\/www.pgd-sostanj.si\/?page_id=51"},"modified":"2025-05-12T09:24:00","modified_gmt":"2025-05-12T07:24:00","slug":"kontakt","status":"publish","type":"page","link":"http:\/\/www.pgd-sostanj.si\/?page_id=51","title":{"rendered":"Kontakt"},"content":{"rendered":"<p style=\"text-align: center;\"><span style=\"color: #000000;\"><a style=\"color: #000000;\" href=\"http:\/\/www.pgd-sostanj.si\/wp-content\/uploads\/2014\/08\/glava_dopisa-2014-1.png\"><img loading=\"lazy\" decoding=\"async\" class=\"wp-image-843 size-full aligncenter\" src=\"http:\/\/www.pgd-sostanj.si\/wp-content\/uploads\/2014\/08\/glava_dopisa-2014-1.png\" alt=\"glava_dopisa-2014 (1)\" width=\"1654\" height=\"336\" srcset=\"http:\/\/www.pgd-sostanj.si\/wp-content\/uploads\/2014\/08\/glava_dopisa-2014-1.png 1654w, http:\/\/www.pgd-sostanj.si\/wp-content\/uploads\/2014\/08\/glava_dopisa-2014-1-300x60.png 300w, http:\/\/www.pgd-sostanj.si\/wp-content\/uploads\/2014\/08\/glava_dopisa-2014-1-1024x208.png 1024w\" sizes=\"auto, (max-width: 1654px) 100vw, 1654px\" \/><\/a><\/span><\/p>\n<h4 style=\"text-align: center;\"><span style=\"color: #000000;\">Lole Ribarja 5, 3325 \u0160o\u0161tanj<\/span><\/h4>\n<h4 style=\"text-align: center;\"><span style=\"color: #000000;\">Telefon: 03 588 26 00<\/span><\/h4>\n<h4 style=\"text-align: center;\"><span style=\"color: #000000;\">E-po\u0161ta: pgd.sostanj@siol.net<\/span><\/h4>\n<p style=\"text-align: center;\"><span style=\"color: #000000;\">________________________________________________________________________________________<\/span><\/p>\n<h4 style=\"text-align: center;\"><span style=\"color: #000000;\"><strong>Predsednik:\u00a0Klemen\u00a0Me\u017enar<\/strong><\/span><\/h4>\n<h5 style=\"text-align: center;\"><span style=\"color: #808080;\">Telefon: 041\/441-776<\/span><\/h5>\n<h5 style=\"text-align: center;\"><span style=\"color: #808080;\">E-po\u0161ta: klemen.meznar@gmail.com<\/span><\/h5>\n<h4 style=\"text-align: center;\"><span style=\"color: #000000;\"><strong>Podpredsednik: Andra\u017e Ro\u0161kar<\/strong><\/span><\/h4>\n<h5 style=\"text-align: center;\"><span style=\"color: #808080;\">Telefon: 031\/811-414<\/span><\/h5>\n<h5 style=\"text-align: center;\"><span style=\"color: #808080;\">E-po\u0161ta: andraz.roskar@gmail.com<\/span><\/h5>\n<h4 style=\"text-align: center;\"><span style=\"color: #000000;\"><strong>Poveljnik:\u00a0Vojko Bricman<\/strong><\/span><\/h4>\n<h5 style=\"text-align: center;\"><span style=\"color: #808080;\">Telefon: 051\/346-502<\/span><\/h5>\n<h5 style=\"text-align: center;\"><span style=\"color: #808080;\">E-po\u0161ta: v.bricman@gmail.com<\/span><\/h5>\n<h4 style=\"text-align: center;\"><span style=\"color: #000000;\"><strong>Namestnik poveljnika: Denis Pu\u010dko<\/strong><\/span><\/h4>\n<h5 style=\"text-align: center;\"><span style=\"color: #808080;\">Telefon: 031\/563-659<\/span><\/h5>\n<h5 style=\"text-align: center;\"><span style=\"color: #808080;\">E-po\u0161ta: pucko19denis@gmail.com<\/span><\/h5>\n<h4 style=\"text-align: center;\"><span style=\"color: #000000;\"><strong>Podpoveljnik: Luka Bolha<\/strong><\/span><\/h4>\n<h5 style=\"text-align: center;\"><span style=\"color: #808080;\">Telefon: 051\/341-738<\/span><\/h5>\n<h5 style=\"text-align: center;\"><span style=\"color: #808080;\">E-po\u0161ta: luka.mavasrad@gmail.com<\/span><\/h5>\n<p><span style=\"color: #000000;\">______________________________________________________________________________________________<\/span><\/p>\n","protected":false},"excerpt":{"rendered":"<p>Lole Ribarja 5, 3325 \u0160o\u0161tanj Telefon: 03 588 26 00 E-po\u0161ta: pgd.sostanj@siol.net ________________________________________________________________________________________ Predsednik:\u00a0Klemen\u00a0Me\u017enar Telefon: 041\/441-776 E-po\u0161ta: klemen.meznar@gmail.com Podpredsednik: Andra\u017e Ro\u0161kar Telefon: 031\/811-414 E-po\u0161ta: andraz.roskar@gmail.com Poveljnik:\u00a0Vojko Bricman Telefon: 051\/346-502 E-po\u0161ta: v.bricman@gmail.com Namestnik poveljnika: Denis Pu\u010dko Telefon: 031\/563-659 E-po\u0161ta: pucko19denis@gmail.com Podpoveljnik: Luka Bolha Telefon: 051\/341-738 E-po\u0161ta: luka.mavasrad@gmail.com ______________________________________________________________________________________________<\/p>\n","protected":false},"author":5,"featured_media":0,"parent":0,"menu_order":0,"comment_status":"closed","ping_status":"closed","template":"","meta":{"footnotes":""},"class_list":["post-51","page","type-page","status-publish","hentry"],"_links":{"self":[{"href":"http:\/\/www.pgd-sostanj.si\/index.php?rest_route=\/wp\/v2\/pages\/51","targetHints":{"allow":["GET"]}}],"collection":[{"href":"http:\/\/www.pgd-sostanj.si\/index.php?rest_route=\/wp\/v2\/pages"}],"about":[{"href":"http:\/\/www.pgd-sostanj.si\/index.php?rest_route=\/wp\/v2\/types\/page"}],"author":[{"embeddable":true,"href":"http:\/\/www.pgd-sostanj.si\/index.php?rest_route=\/wp\/v2\/users\/5"}],"replies":[{"embeddable":true,"href":"http:\/\/www.pgd-sostanj.si\/index.php?rest_route=%2Fwp%2Fv2%2Fcomments&post=51"}],"version-history":[{"count":25,"href":"http:\/\/www.pgd-sostanj.si\/index.php?rest_route=\/wp\/v2\/pages\/51\/revisions"}],"predecessor-version":[{"id":5733,"href":"http:\/\/www.pgd-sostanj.si\/index.php?rest_route=\/wp\/v2\/pages\/51\/revisions\/5733"}],"wp:attachment":[{"href":"http:\/\/www.pgd-sostanj.si\/index.php?rest_route=%2Fwp%2Fv2%2Fmedia&parent=51"}],"curies":[{"name":"wp","href":"https:\/\/api.w.org\/{rel}","templated":true}]}}