{"id":58,"date":"2014-07-27T11:31:08","date_gmt":"2014-07-27T09:31:08","guid":{"rendered":"http:\/\/www.pgd-sostanj.si\/?page_id=58"},"modified":"2025-05-13T10:40:14","modified_gmt":"2025-05-13T08:40:14","slug":"zgodovina","status":"publish","type":"page","link":"http:\/\/www.pgd-sostanj.si\/?page_id=58","title":{"rendered":"Zgodovina"},"content":{"rendered":"\n<p><strong>USTANOVNO LETO 1879<\/strong> <br>1. junija 1879 so ustanovili <em>Freiwillige FeuerwehrSchonstein<\/em>. Ustanovni \u010dlani dru\u0161tva so bili : <em>Kristian Kern<\/em>, sve\u010dar in sla\u0161\u010di\u010dar stanujo\u010d v\u00a0Gori\u010darjevi hi\u0161i, <em>Baron Franz Haebler plemeniti<\/em>, lastnik Marov\u0161ke\u00a0gra\u0161\u010dine Herman Scnitzer von Lindenstein iz gradu Turn, <em>Dr. Hanz Lichtenegger<\/em>, stanujo\u010d in delujo\u010d na\u00a0dana\u0161nji Cesti talcev 4, <em>Hanz Woschnagg<\/em>, posestnik <em>Gregor Acman<\/em>, \u010devljar <em>Josip Toter<\/em>, posestnik <em>Franc Greben\u0161ek<\/em>, \u010devljar in\u00a0<em>\u0160oln<\/em>, kova\u010d.<\/p>\n\n\n\n<figure class=\"wp-block-image aligncenter\"><a href=\"http:\/\/www.pgd-sostanj.si\/wp-content\/uploads\/2014\/07\/clani_1910.jpg\"><img loading=\"lazy\" decoding=\"async\" width=\"300\" height=\"206\" src=\"http:\/\/www.pgd-sostanj.si\/wp-content\/uploads\/2014\/07\/clani_1910-300x206.jpg\" alt=\"clani_1910\" class=\"wp-image-806\" srcset=\"http:\/\/www.pgd-sostanj.si\/wp-content\/uploads\/2014\/07\/clani_1910-300x206.jpg 300w, http:\/\/www.pgd-sostanj.si\/wp-content\/uploads\/2014\/07\/clani_1910-1024x704.jpg 1024w, http:\/\/www.pgd-sostanj.si\/wp-content\/uploads\/2014\/07\/clani_1910.jpg 2000w\" sizes=\"auto, (max-width: 300px) 100vw, 300px\" \/><\/a><\/figure>\n\n\n\n<p><strong>POVELJEVANJE V SLOVEN\u0160\u010cINI<\/strong> <br>Po razpadu Avstro \u2013 ogrske monarhije je 19. septembra\u00a01918 tov. Jakob Volk po nalogu narodnega sveta\u00a0\u0160o\u0161tanj, prevzel dol\u017enost\u00a0na\u010delnika dru\u0161tva in ga reorganiziral v Prostovoljno gasilsko\u00a0dru\u0161tvo \u0160o\u0161tanj. \u010clani\u00a0prostovoljnega dru\u0161tva so\u00a0vadili po slovenskih poveljih,\u00a0organizirali so vaje in predavanja,\u00a0ki so bila vsak \u010detrtek.\u00a0Dru\u017eenje ob \u010detrtkih je postalo\u00a0tradicija, ki se je ohranila\u00a0dolgih 146 let, vse do dana\u0161njih\u00a0dni. \u010cetrtek je \u0161e vedno\u00a0dan za dru\u017eenje in sestanke.<\/p>\n\n\n\n<p><strong>SHOD JUGOSLOVANSKE GASILSKE ZVEZE\u00a0V \u0160O\u0160TANJU<\/strong> <br>Na binko\u0161tno nedeljo leta 1924 se je vr\u0161il izlet Jugoslovanske\u00a0gasilske zveze v \u0160o\u0161tanju. Ta izlet, ki je bil\u00a0organiziran ob praznovanju 45. obletnice Gasilskega dru\u0161tva\u00a0\u0160o\u0161tanj-mesto, je bil najve\u010dji in najveli\u010dastnej\u0161i gasilski\u00a0shod, kar se jih je zgodilo v na\u0161i dolini.\u00a0V povorki je bilo zastopanih 83 dru\u0161tev z 11 prapori,\u00a05 godbami in 1060 \u010dlani v krojih. Na velikem zborovanju\u00a0so govorili: \u0161o\u0161tanjski \u017eupan g. Marin\u010dek, srezki\u00a0glavar g. Ipavic in eden najve\u010djih slovenskih gasilcev,\u00a0starosta Jugoslovanske gasilske zveze, Fran Barle.<\/p>\n\n\n\n<figure class=\"wp-block-image aligncenter\"><a href=\"http:\/\/www.pgd-sostanj.si\/wp-content\/uploads\/2014\/07\/pogrebni_voz.jpg\"><img loading=\"lazy\" decoding=\"async\" width=\"300\" height=\"190\" src=\"http:\/\/www.pgd-sostanj.si\/wp-content\/uploads\/2014\/07\/pogrebni_voz-300x190.jpg\" alt=\"pogrebni_voz\" class=\"wp-image-807\" srcset=\"http:\/\/www.pgd-sostanj.si\/wp-content\/uploads\/2014\/07\/pogrebni_voz-300x190.jpg 300w, http:\/\/www.pgd-sostanj.si\/wp-content\/uploads\/2014\/07\/pogrebni_voz-1024x648.jpg 1024w, http:\/\/www.pgd-sostanj.si\/wp-content\/uploads\/2014\/07\/pogrebni_voz.jpg 1833w\" sizes=\"auto, (max-width: 300px) 100vw, 300px\" \/><\/a><\/figure>\n\n\n\n<p><strong>POGREBNI ZAVOD GASILSKEGA DRU\u0160TVA<\/strong> <br>Pogrebni zavod je skrbel za pogrebne storitve v ve\u010djem delu\u00a0\u0160ale\u0161ke doline, vse od ustanovitve Kraljevine SHS. Leta\u00a01930 so na ljubljanskih \u017dalah kupili tudi pogrebni voz, ki je slu\u017eil svojemu namenu vse do ukinitve pokopali\u0161\u010da\u00a0pri Sv. Mihaelu. V dru\u0161tvenem pogrebnem zavodu so delovali\u00a0starej\u0161i gasilci iz rezerve. Ta dejavnost je omogo\u010dila\u00a0dru\u0161tvu tudi nakup prve motorne brizgalne.<\/p>\n\n\n\n<figure class=\"wp-block-image aligncenter\"><a href=\"http:\/\/www.pgd-sostanj.si\/wp-content\/uploads\/2014\/07\/prva_motorna_brizgalna_1926.jpg\"><img loading=\"lazy\" decoding=\"async\" width=\"300\" height=\"227\" src=\"http:\/\/www.pgd-sostanj.si\/wp-content\/uploads\/2014\/07\/prva_motorna_brizgalna_1926-300x227.jpg\" alt=\"prva_motorna_brizgalna_1926\" class=\"wp-image-802\" srcset=\"http:\/\/www.pgd-sostanj.si\/wp-content\/uploads\/2014\/07\/prva_motorna_brizgalna_1926-300x227.jpg 300w, http:\/\/www.pgd-sostanj.si\/wp-content\/uploads\/2014\/07\/prva_motorna_brizgalna_1926-1024x777.jpg 1024w, http:\/\/www.pgd-sostanj.si\/wp-content\/uploads\/2014\/07\/prva_motorna_brizgalna_1926.jpg 1656w\" sizes=\"auto, (max-width: 300px) 100vw, 300px\" \/><\/a><\/figure>\n\n\n\n<p><strong>PRVA MOTORNA BRIZGALNA V \u0160ALE\u0160KI\u00a0DOLINI<\/strong> <br>Ta veliki dogodek se je zgodil 14. novembra 1926\u00a0leta, na katerem so jo s slovesno slu\u017ebo bo\u017ejo blagoslovili.\u00a0Botra brizgalni je bila ga. Ivanka Senica. Da je bil to res velik dogodek pri\u010da tudi to, da se\u00a0je slovesnosti udele\u017eil podstarosta jugoslovanske gasilske\u00a0zveze g. Vengust, slovenjegra\u0161ko gasilsko \u017eupo so zastopali tov. Leopold Kopa\u010d, tov. Cajnko in tov. Ferk, iz\u00a0savinjske \u017eupe pa je pri\u0161el tov. Goltnik iz Mozirja. Spremljalo\u00a0ga je mozirsko dru\u0161tvo s praporom. Prisotni so bili tudi iz vseh okoli\u0161kih dru\u0161tev.\u00a0Po 2. svetovni vojni je bila brizgalna podarjena gasilskemu\u00a0dru\u0161tvu Gaberke, kjer jo \u0161e danes hranijo kot\u00a0aktivni zgodovinski eksponat.<\/p>\n\n\n\n<p><strong>NABAVA PRVEGA GASILSKEGA\u00a0AVTOMOBILA<\/strong> <br>Ob 60. letnici leta 1939 je dru\u0161tvo pridobilo nov\u00a0gasilski avtomobil Opel Blitz. Vozilo je imelo funkcijo\u00a0orodnega vozu in vozila za prevoz ljudi. Ob koncu vojne je bilo vozilo odvzeto za potrebe umika okupatorja.<\/p>\n\n\n\n<figure class=\"wp-block-image aligncenter\"><a href=\"http:\/\/www.pgd-sostanj.si\/wp-content\/uploads\/2014\/07\/clanstvo_1939.jpg\"><img loading=\"lazy\" decoding=\"async\" width=\"300\" height=\"200\" src=\"http:\/\/www.pgd-sostanj.si\/wp-content\/uploads\/2014\/07\/clanstvo_1939-300x200.jpg\" alt=\"clanstvo_1939\" class=\"wp-image-804\" srcset=\"http:\/\/www.pgd-sostanj.si\/wp-content\/uploads\/2014\/07\/clanstvo_1939-300x200.jpg 300w, http:\/\/www.pgd-sostanj.si\/wp-content\/uploads\/2014\/07\/clanstvo_1939-1024x683.jpg 1024w, http:\/\/www.pgd-sostanj.si\/wp-content\/uploads\/2014\/07\/clanstvo_1939.jpg 1870w\" sizes=\"auto, (max-width: 300px) 100vw, 300px\" \/><\/a><\/figure>\n\n\n\n<p><strong>\u010cAS VOJNE<\/strong> <br>Dejavnost gasilcev v vojnih razmerah je bila izpostavljena\u00a0mnogim nevarnostim. Med okupacijo, od aprila\u00a01941 leta je dru\u0161tvo prenehalo s svojim delovanjem. Okupator je imenoval ob\u010dinskega referenta za po\u017earno\u00a0varnost in tako dru\u0161tvo spremenil v \u00bbFeuerwe hrwache\u00ab\u00a0v katerega so dodelili starej\u0161e gasilce, ki so bili opro\u0161\u010deni\u00a0voja\u0161kih vaj. Poveljevali so v nem\u0161\u010dini, vaje so imeli\u00a0vsak teden, na po\u017eare pa niso reagirali.\u00a0V tem obdobju se je dru\u0161tvo opremilo z dvema\u00a0brizgalnama Rosenbauer, novimi uniformami in ostalo\u00a0opremo.<\/p>\n\n\n\n<figure class=\"wp-block-image aligncenter\"><a href=\"http:\/\/www.pgd-sostanj.si\/wp-content\/uploads\/2014\/07\/cas_vojne.jpg\"><img loading=\"lazy\" decoding=\"async\" width=\"300\" height=\"194\" src=\"http:\/\/www.pgd-sostanj.si\/wp-content\/uploads\/2014\/07\/cas_vojne-300x194.jpg\" alt=\"cas_vojne\" class=\"wp-image-805\" srcset=\"http:\/\/www.pgd-sostanj.si\/wp-content\/uploads\/2014\/07\/cas_vojne-300x194.jpg 300w, http:\/\/www.pgd-sostanj.si\/wp-content\/uploads\/2014\/07\/cas_vojne-1024x664.jpg 1024w, http:\/\/www.pgd-sostanj.si\/wp-content\/uploads\/2014\/07\/cas_vojne.jpg 1972w\" sizes=\"auto, (max-width: 300px) 100vw, 300px\" \/><\/a><\/figure>\n\n\n\n<p><strong>RAZVITJE \u010cLANSKEGA PRAPORA<\/strong> <br>Vse od razpada Avstro Ogrske monarhije je dru\u0161tvo\u00a0delovalo brez lastnega prapora, zato je bila \u017eelja po\u00a0tem simbolu in ponosu vedno prisotna med \u010dlani dru\u0161tva. V povojnih letih, se jim je \u017eelja kon\u010dno uresni\u010dila. Slovesnost se je odvijala 10. januarja 1953, v prepolni dvorani Sokolskega doma. S praporom smo \u010dastno zastopali dru\u0161tvo polnih 56 let.<\/p>\n\n\n\n<p><strong>PO\u017dAR TOVARNE USNJA LETA 1966<\/strong> <br>13. oktober je bil \u010drn dan za na\u0161e gospodarstvo.\u00a0Z velikim po\u017earom, ki je mo\u010dno ohromil usnjarsko panogo\u00a0se je spopadlo 307 gasilcev iz 22 dru\u0161tev. Vlo\u017eeno je\u00a0bilo ogromno napora za omejitev in njegovo dokon\u010dno\u00a0pogasitev.<\/p>\n\n\n\n<figure class=\"wp-block-image aligncenter\"><a href=\"http:\/\/www.pgd-sostanj.si\/wp-content\/uploads\/2014\/07\/pozar_TUS.jpg\"><img loading=\"lazy\" decoding=\"async\" width=\"300\" height=\"193\" src=\"http:\/\/www.pgd-sostanj.si\/wp-content\/uploads\/2014\/07\/pozar_TUS-300x193.jpg\" alt=\"pozar_TUS\" class=\"wp-image-810\" srcset=\"http:\/\/www.pgd-sostanj.si\/wp-content\/uploads\/2014\/07\/pozar_TUS-300x193.jpg 300w, http:\/\/www.pgd-sostanj.si\/wp-content\/uploads\/2014\/07\/pozar_TUS-1024x661.jpg 1024w, http:\/\/www.pgd-sostanj.si\/wp-content\/uploads\/2014\/07\/pozar_TUS.jpg 1829w\" sizes=\"auto, (max-width: 300px) 100vw, 300px\" \/><\/a><\/figure>\n\n\n\n<p><strong>IZGRADNJA NOVEGA DOMA<\/strong> <br>Leta 1969, ko je dru\u0161tvo proslavljalo 90 letnico\u00a0svojega dela, so slovesno predali v uporabo nov gasilski\u00a0dom.\u00a0Dom smo v preteklih 40 letih vseskozi prilagajali potrebam in zahtevam sprememb na podro\u010dju po\u017earne\u00a0varnosti.\u00a0Danes smo lahko \u010dlani dru\u0161tva ponosni na njegovo\u00a0urejenost in funkcionalnost.<\/p>\n\n\n\n<figure class=\"wp-block-image aligncenter\"><a href=\"http:\/\/www.pgd-sostanj.si\/wp-content\/uploads\/2014\/07\/gasilski_dom_1969.jpg\"><img loading=\"lazy\" decoding=\"async\" width=\"300\" height=\"236\" src=\"http:\/\/www.pgd-sostanj.si\/wp-content\/uploads\/2014\/07\/gasilski_dom_1969-300x236.jpg\" alt=\"gasilski_dom_1969\" class=\"wp-image-809\" srcset=\"http:\/\/www.pgd-sostanj.si\/wp-content\/uploads\/2014\/07\/gasilski_dom_1969-300x236.jpg 300w, http:\/\/www.pgd-sostanj.si\/wp-content\/uploads\/2014\/07\/gasilski_dom_1969-1024x805.jpg 1024w, http:\/\/www.pgd-sostanj.si\/wp-content\/uploads\/2014\/07\/gasilski_dom_1969.jpg 1566w\" sizes=\"auto, (max-width: 300px) 100vw, 300px\" \/><\/a><\/figure>\n\n\n\n<p><strong>PRVE V DR\u017dAVI<\/strong> <br>Po dvakratnem ob\u010dinskem in republi\u0161kem prvem\u00a0mestu, so se pionirke A uvrstile na dr\u017eavno prvenstvo v\u00a0Prizrenu in slavile. Ta pomemben dan je bil 8. september 1984. Ve\u010dletni trud na\u0161ih pionirk in mentorjev\u00a0je bil tako popla\u010dan.<\/p>\n\n\n\n<figure class=\"wp-block-image aligncenter\"><a href=\"http:\/\/www.pgd-sostanj.si\/wp-content\/uploads\/2014\/07\/najvecji_uspehi.jpg\"><img loading=\"lazy\" decoding=\"async\" width=\"300\" height=\"185\" src=\"http:\/\/www.pgd-sostanj.si\/wp-content\/uploads\/2014\/07\/najvecji_uspehi-300x185.jpg\" alt=\"najvecji_uspehi\" class=\"wp-image-811\" srcset=\"http:\/\/www.pgd-sostanj.si\/wp-content\/uploads\/2014\/07\/najvecji_uspehi-300x185.jpg 300w, http:\/\/www.pgd-sostanj.si\/wp-content\/uploads\/2014\/07\/najvecji_uspehi-1024x633.jpg 1024w, http:\/\/www.pgd-sostanj.si\/wp-content\/uploads\/2014\/07\/najvecji_uspehi.jpg 2007w\" sizes=\"auto, (max-width: 300px) 100vw, 300px\" \/><\/a><\/figure>\n\n\n\n<p><strong>DVIG ZVONOV PRI SV. FLORJANU<\/strong> <br>Dru\u0161tvo je v tem slovesnem dogodku leta 1989\u00a0za\u010dutilo prilo\u017enost za ponovno vra\u010danje starim vrednotam,\u00a0saj prav na njih in na bogati tradiciji sloni na\u0161e dolgoletno delo v gasilstvu.\u00a0S somi\u0161ljeniki iz PGD Topol\u0161ica, PGD Lokovica in TU \u0160o\u0161tanj\u00a0smo dvignili v zvonik 530 kg te\u017eak zvon.\u00a0Danes se gasilci zberemo na Florjanovo nedeljo,\u00a0kjer se z e\u0161alonom ob\u010dinskega poveljstva udele\u017eimo\u00a0svete ma\u0161e. <\/p>\n\n\n\n<p><strong>PRIJATELJSKE VEZI<\/strong> <br>Smo tradicionalno odprto dru\u0161tvo, katero si je\u00a0stkalo veliko prijateljskih vezi tako doma kot v tujini.\u00a0Ta poznanstva nam odpirajo \u0161ir\u0161e obzorje pri razumevanju polo\u017eaja in dela na\u0161e organizacije, kar nam\u00a0pripomore pri premo\u0161\u010danju lastnih te\u017eav.\u00a0Seveda pa si ne znamo predstavljati na\u0161ega dela\u00a0brez medsebojnega sodelovanja s sosednjimi dru\u0161tvi in\u00a0dru\u0161tvi v gasilski zvezi, ki poteka na nivoju medsebojnega\u00a0spo\u0161tovanja in upo\u0161tevanja.\u00a0na nivoju medsebojnega\u00a0spo\u0161tovanja in upo\u0161tevanja.<\/p>\n\n\n\n<figure class=\"wp-block-image is-resized\"><img loading=\"lazy\" decoding=\"async\" width=\"300\" height=\"225\" src=\"http:\/\/www.pgd-sostanj.si\/wp-content\/uploads\/2014\/07\/IMGP3804-300x225.jpg\" alt=\"IMGP3804\" class=\"wp-image-820\" style=\"width:300px;height:auto\" srcset=\"http:\/\/www.pgd-sostanj.si\/wp-content\/uploads\/2014\/07\/IMGP3804-300x225.jpg 300w, http:\/\/www.pgd-sostanj.si\/wp-content\/uploads\/2014\/07\/IMGP3804-1024x768.jpg 1024w, http:\/\/www.pgd-sostanj.si\/wp-content\/uploads\/2014\/07\/IMGP3804-320x240.jpg 320w\" sizes=\"auto, (max-width: 300px) 100vw, 300px\" \/><\/figure>\n\n\n\n<figure class=\"wp-block-image\"><img loading=\"lazy\" decoding=\"async\" width=\"300\" height=\"225\" src=\"http:\/\/www.pgd-sostanj.si\/wp-content\/uploads\/2014\/07\/IMGP3808-300x225.jpg\" alt=\"IMGP3808\" class=\"wp-image-821\" srcset=\"http:\/\/www.pgd-sostanj.si\/wp-content\/uploads\/2014\/07\/IMGP3808-300x225.jpg 300w, http:\/\/www.pgd-sostanj.si\/wp-content\/uploads\/2014\/07\/IMGP3808-1024x768.jpg 1024w, http:\/\/www.pgd-sostanj.si\/wp-content\/uploads\/2014\/07\/IMGP3808-320x240.jpg 320w\" sizes=\"auto, (max-width: 300px) 100vw, 300px\" \/><\/figure>\n\n\n\n<p><\/p>\n\n\n\n<h1 class=\"wp-block-heading\"><\/h1>\n\n\n\n<figure class=\"wp-block-image aligncenter\"><a href=\"http:\/\/www.pgd-sostanj.si\/wp-content\/uploads\/2014\/07\/Nosilci-funkcij-PGD-1879-2014.jpg\"><img loading=\"lazy\" decoding=\"async\" width=\"833\" height=\"699\" src=\"http:\/\/www.pgd-sostanj.si\/wp-content\/uploads\/2014\/07\/Nosilci-funkcij-PGD-1879-2014.jpg\" alt=\"Nosilci funkcij PGD 1879-2014\" class=\"wp-image-839\" srcset=\"http:\/\/www.pgd-sostanj.si\/wp-content\/uploads\/2014\/07\/Nosilci-funkcij-PGD-1879-2014.jpg 833w, http:\/\/www.pgd-sostanj.si\/wp-content\/uploads\/2014\/07\/Nosilci-funkcij-PGD-1879-2014-300x251.jpg 300w\" sizes=\"auto, (max-width: 833px) 100vw, 833px\" \/><\/a><\/figure>\n\n\n\n<p><\/p>\n\n\n\n<h2 class=\"wp-block-heading\"><\/h2>\n\n\n\n<figure class=\"wp-block-embed is-type-video is-provider-youtube wp-block-embed-youtube wp-embed-aspect-16-9 wp-has-aspect-ratio\"><div class=\"wp-block-embed__wrapper\">\n<iframe loading=\"lazy\" title=\"140 let nudenja pomo\u010di PGD \u0160o\u0161tanj mesto\" width=\"950\" height=\"534\" src=\"https:\/\/www.youtube.com\/embed\/oetTi8xSY30?start=14&#038;feature=oembed\" frameborder=\"0\" allow=\"accelerometer; autoplay; clipboard-write; encrypted-media; gyroscope; picture-in-picture; web-share\" referrerpolicy=\"strict-origin-when-cross-origin\" allowfullscreen><\/iframe>\n<\/div><\/figure>\n","protected":false},"excerpt":{"rendered":"<p>USTANOVNO LETO 1879 1. junija 1879 so ustanovili Freiwillige FeuerwehrSchonstein. Ustanovni \u010dlani dru\u0161tva so bili : Kristian Kern, sve\u010dar in sla\u0161\u010di\u010dar stanujo\u010d v\u00a0Gori\u010darjevi hi\u0161i, Baron Franz Haebler plemeniti, lastnik Marov\u0161ke\u00a0gra\u0161\u010dine Herman Scnitzer von Lindenstein iz gradu Turn, Dr. Hanz Lichtenegger, stanujo\u010d in delujo\u010d na\u00a0dana\u0161nji Cesti talcev 4, Hanz Woschnagg, posestnik Gregor Acman, \u010devljar Josip Toter, &hellip; <\/p>\n<p class=\"link-more\"><a href=\"http:\/\/www.pgd-sostanj.si\/?page_id=58\" class=\"more-link\">Read more<span class=\"screen-reader-text\"> &#8220;Zgodovina&#8221;<\/span><\/a><\/p>\n","protected":false},"author":5,"featured_media":803,"parent":2,"menu_order":1,"comment_status":"closed","ping_status":"closed","template":"","meta":{"footnotes":""},"class_list":["post-58","page","type-page","status-publish","has-post-thumbnail","hentry"],"_links":{"self":[{"href":"http:\/\/www.pgd-sostanj.si\/index.php?rest_route=\/wp\/v2\/pages\/58","targetHints":{"allow":["GET"]}}],"collection":[{"href":"http:\/\/www.pgd-sostanj.si\/index.php?rest_route=\/wp\/v2\/pages"}],"about":[{"href":"http:\/\/www.pgd-sostanj.si\/index.php?rest_route=\/wp\/v2\/types\/page"}],"author":[{"embeddable":true,"href":"http:\/\/www.pgd-sostanj.si\/index.php?rest_route=\/wp\/v2\/users\/5"}],"replies":[{"embeddable":true,"href":"http:\/\/www.pgd-sostanj.si\/index.php?rest_route=%2Fwp%2Fv2%2Fcomments&post=58"}],"version-history":[{"count":30,"href":"http:\/\/www.pgd-sostanj.si\/index.php?rest_route=\/wp\/v2\/pages\/58\/revisions"}],"predecessor-version":[{"id":6221,"href":"http:\/\/www.pgd-sostanj.si\/index.php?rest_route=\/wp\/v2\/pages\/58\/revisions\/6221"}],"up":[{"embeddable":true,"href":"http:\/\/www.pgd-sostanj.si\/index.php?rest_route=\/wp\/v2\/pages\/2"}],"wp:featuredmedia":[{"embeddable":true,"href":"http:\/\/www.pgd-sostanj.si\/index.php?rest_route=\/wp\/v2\/media\/803"}],"wp:attachment":[{"href":"http:\/\/www.pgd-sostanj.si\/index.php?rest_route=%2Fwp%2Fv2%2Fmedia&parent=58"}],"curies":[{"name":"wp","href":"https:\/\/api.w.org\/{rel}","templated":true}]}}