{"id":62,"date":"2014-07-27T11:34:10","date_gmt":"2014-07-27T09:34:10","guid":{"rendered":"http:\/\/www.pgd-sostanj.si\/?page_id=62"},"modified":"2023-03-01T14:42:26","modified_gmt":"2023-03-01T13:42:26","slug":"drustvo-danes","status":"publish","type":"page","link":"http:\/\/www.pgd-sostanj.si\/?page_id=62","title":{"rendered":"Dru\u0161tvo danes"},"content":{"rendered":"<p><strong>PGD \u0160o\u0161tanj-mesto je osrednje dru\u0161tvo IV. kategorije v ob\u010dini \u0160o\u0161tanj.<\/strong><\/p>\n<p>V dru\u0161tvu je danes v\u010dlanjenih 186 aktivnih \u010dlanic in \u010dlanov, od tega 55 operativnih \u010dlanov, kateri skrbijo za ve\u010dinski del po\u017earnega obmo\u010dja ob\u010dine \u0160o\u0161tanj, KS Ravne, KS Skorno &#8211; Florjan ter KS Bele vode. Poleg \u017ee omenjenega dru\u0161tvo tesno sodeluje s Termoelektrarno \u0160o\u0161tanj, s katero zdru\u017euje skupne interese in nekatere pogodbene naloge na podro\u010dju protipo\u017earne varnosti.<\/p>\n<p>V dru\u0161tvu dajemo velik poudarek na delu z mladimi, saj je v dru\u0161tvo danes v\u010dlanjenih 52 otrok, ki pod skrbnim vodstvom njihovih prizadevnih mentorjev pridno trenirajo, spoznavajo gasilstvo in se uspe\u0161no udele\u017eujejo gasilskih, ter raznih \u0161portnih sre\u010danj in tekmovanj.<\/p>\n<p>Dru\u0161tvo se zaveda pomena izobra\u017eevanja in usposabljanja \u010dlanstva, v kar operativa vlaga veliko napora, pridobljeno znanje pa uspe\u0161no koristi v najrazli\u010dnej\u0161ih posredovanjih in intervencijah. Ob vsem tem pa je tukaj ogromno prostovoljno vlo\u017eenega dela, energije in truda, ki ga \u010dlani posve\u010damo dru\u0161tvu, v prid doma\u010demu kraju in okolici.<\/p>\n<p>Dru\u0161tvo vseskozi sledi svojemu osnovnemu namenu, za kar pa je potrebno veliko zavesti, discipline in nenazadnje ogromno prostovoljnega dela. To je garancija za uspe\u0161no delo in tega se \u010dlani PGD \u0160o\u0161tanj \u2013 mesto \u0161e kako zavedamo.<\/p>\n","protected":false},"excerpt":{"rendered":"<p>PGD \u0160o\u0161tanj-mesto je osrednje dru\u0161tvo IV. kategorije v ob\u010dini \u0160o\u0161tanj. V dru\u0161tvu je danes v\u010dlanjenih 186 aktivnih \u010dlanic in \u010dlanov, od tega 55 operativnih \u010dlanov, kateri skrbijo za ve\u010dinski del po\u017earnega obmo\u010dja ob\u010dine \u0160o\u0161tanj, KS Ravne, KS Skorno &#8211; Florjan ter KS Bele vode. Poleg \u017ee omenjenega dru\u0161tvo tesno sodeluje s Termoelektrarno \u0160o\u0161tanj, s katero &hellip; <\/p>\n<p class=\"link-more\"><a href=\"http:\/\/www.pgd-sostanj.si\/?page_id=62\" class=\"more-link\">Read more<span class=\"screen-reader-text\"> &#8220;Dru\u0161tvo danes&#8221;<\/span><\/a><\/p>\n","protected":false},"author":5,"featured_media":4996,"parent":2,"menu_order":2,"comment_status":"closed","ping_status":"closed","template":"","meta":{"footnotes":""},"class_list":["post-62","page","type-page","status-publish","has-post-thumbnail","hentry"],"_links":{"self":[{"href":"http:\/\/www.pgd-sostanj.si\/index.php?rest_route=\/wp\/v2\/pages\/62","targetHints":{"allow":["GET"]}}],"collection":[{"href":"http:\/\/www.pgd-sostanj.si\/index.php?rest_route=\/wp\/v2\/pages"}],"about":[{"href":"http:\/\/www.pgd-sostanj.si\/index.php?rest_route=\/wp\/v2\/types\/page"}],"author":[{"embeddable":true,"href":"http:\/\/www.pgd-sostanj.si\/index.php?rest_route=\/wp\/v2\/users\/5"}],"replies":[{"embeddable":true,"href":"http:\/\/www.pgd-sostanj.si\/index.php?rest_route=%2Fwp%2Fv2%2Fcomments&post=62"}],"version-history":[{"count":13,"href":"http:\/\/www.pgd-sostanj.si\/index.php?rest_route=\/wp\/v2\/pages\/62\/revisions"}],"predecessor-version":[{"id":5736,"href":"http:\/\/www.pgd-sostanj.si\/index.php?rest_route=\/wp\/v2\/pages\/62\/revisions\/5736"}],"up":[{"embeddable":true,"href":"http:\/\/www.pgd-sostanj.si\/index.php?rest_route=\/wp\/v2\/pages\/2"}],"wp:featuredmedia":[{"embeddable":true,"href":"http:\/\/www.pgd-sostanj.si\/index.php?rest_route=\/wp\/v2\/media\/4996"}],"wp:attachment":[{"href":"http:\/\/www.pgd-sostanj.si\/index.php?rest_route=%2Fwp%2Fv2%2Fmedia&parent=62"}],"curies":[{"name":"wp","href":"https:\/\/api.w.org\/{rel}","templated":true}]}}