{"id":72,"date":"2014-07-27T11:45:20","date_gmt":"2014-07-27T09:45:20","guid":{"rendered":"http:\/\/www.pgd-sostanj.si\/?page_id=72"},"modified":"2025-05-11T21:10:35","modified_gmt":"2025-05-11T19:10:35","slug":"upravni-odbor","status":"publish","type":"page","link":"http:\/\/www.pgd-sostanj.si\/?page_id=72","title":{"rendered":"Upravni odbor"},"content":{"rendered":"<h3 style=\"text-align: center;\"><strong>UPRAVNI ODBOR PGD \u0160O\u0160TANJ \u2013 MESTO<\/strong><\/h3>\n<h3 style=\"text-align: center;\"><strong>2023-2028<br \/>\n<\/strong><\/h3>\n<table class=\" alignleft\" style=\"height: 607px;\" width=\"598\">\n<tbody>\n<tr>\n<td width=\"331\"><strong>1. PREDSEDNIK<\/strong><\/td>\n<td width=\"265\"><strong>Klemen ME\u017dNAR<\/strong><\/td>\n<\/tr>\n<tr>\n<td width=\"331\"><strong>2. PODPREDSEDNIK<\/strong><\/td>\n<td width=\"265\"><strong>Andra\u017e RO\u0160KAR<\/strong><\/td>\n<\/tr>\n<tr>\n<td width=\"331\"><strong>3. POVELJNIK<\/strong><\/td>\n<td width=\"265\"><strong>Vojko BRICMAN<\/strong><\/td>\n<\/tr>\n<tr>\n<td width=\"331\"><strong>4. NAMESTNIK POVELJNIKA<\/strong><\/td>\n<td width=\"265\"><strong>Denis PU\u010cKO<\/strong><\/td>\n<\/tr>\n<tr>\n<td width=\"331\"><strong>5. PODPOVELJNIK<\/strong><\/td>\n<td width=\"265\"><strong>Luka BOLHA<\/strong><\/td>\n<\/tr>\n<tr>\n<td width=\"331\"><strong>6. TAJNIK<\/strong><\/td>\n<td width=\"265\"><strong>\u017diga KRAJNC<\/strong><\/td>\n<\/tr>\n<tr>\n<td width=\"331\"><strong>7. BLAGAJNIK<\/strong><\/td>\n<td width=\"265\"><strong>Renata PU\u010cKO<\/strong><\/td>\n<\/tr>\n<tr>\n<td width=\"331\"><strong>8. GLAVNI STROJNIK<\/strong><\/td>\n<td width=\"265\"><strong>Peter BRICMAN<\/strong><\/td>\n<\/tr>\n<tr>\n<td width=\"331\"><strong>9. GOSPODAR DRU\u0160TVA <\/strong><\/td>\n<td width=\"265\"><b>Elvis BOJKI\u0106<\/b><\/td>\n<\/tr>\n<tr>\n<td width=\"331\"><strong>10. REFERENT ZA STAREJ\u0160E GASILKE IN GASILCE<\/strong><\/td>\n<td width=\"265\"><strong>Branko URANJEK<\/strong><\/td>\n<\/tr>\n<tr>\n<td width=\"331\"><strong>11. REFERENT ZA DELO Z \u017dENAMI<\/strong><\/td>\n<td width=\"265\"><strong>Romana OV\u010cAR<\/strong><\/td>\n<\/tr>\n<tr>\n<td width=\"331\"><strong>12. REFERENT ZA IZOBRA\u017dEVANJE<\/strong><\/td>\n<td width=\"265\"><strong>Nejc KORTNIK<\/strong><\/td>\n<\/tr>\n<tr>\n<td width=\"331\"><strong>13. REFERENT ZA MLADINO<\/strong><\/td>\n<td width=\"265\"><strong>Alja\u017e STROPNIK<\/strong><\/td>\n<\/tr>\n<tr>\n<td width=\"331\"><strong>14. \u010cLAN UO<\/strong><\/td>\n<td width=\"265\"><b>Dani SLEMEN\u0160EK<\/b><\/td>\n<\/tr>\n<tr>\n<td width=\"331\"><strong>15. \u010cLAN UO<\/strong><\/td>\n<td width=\"265\"><b>Marko OJSTER\u0160EK<\/b><\/td>\n<\/tr>\n<\/tbody>\n<\/table>\n","protected":false},"excerpt":{"rendered":"<p>UPRAVNI ODBOR PGD \u0160O\u0160TANJ \u2013 MESTO 2023-2028 1. PREDSEDNIK Klemen ME\u017dNAR 2. PODPREDSEDNIK Andra\u017e RO\u0160KAR 3. POVELJNIK Vojko BRICMAN 4. NAMESTNIK POVELJNIKA Denis PU\u010cKO 5. PODPOVELJNIK Luka BOLHA 6. TAJNIK \u017diga KRAJNC 7. BLAGAJNIK Renata PU\u010cKO 8. GLAVNI STROJNIK Peter BRICMAN 9. GOSPODAR DRU\u0160TVA Elvis BOJKI\u0106 10. REFERENT ZA STAREJ\u0160E GASILKE IN GASILCE Branko URANJEK &hellip; <\/p>\n<p class=\"link-more\"><a href=\"http:\/\/www.pgd-sostanj.si\/?page_id=72\" class=\"more-link\">Read more<span class=\"screen-reader-text\"> &#8220;Upravni odbor&#8221;<\/span><\/a><\/p>\n","protected":false},"author":5,"featured_media":6161,"parent":62,"menu_order":2,"comment_status":"closed","ping_status":"closed","template":"","meta":{"footnotes":""},"class_list":["post-72","page","type-page","status-publish","has-post-thumbnail","hentry"],"_links":{"self":[{"href":"http:\/\/www.pgd-sostanj.si\/index.php?rest_route=\/wp\/v2\/pages\/72","targetHints":{"allow":["GET"]}}],"collection":[{"href":"http:\/\/www.pgd-sostanj.si\/index.php?rest_route=\/wp\/v2\/pages"}],"about":[{"href":"http:\/\/www.pgd-sostanj.si\/index.php?rest_route=\/wp\/v2\/types\/page"}],"author":[{"embeddable":true,"href":"http:\/\/www.pgd-sostanj.si\/index.php?rest_route=\/wp\/v2\/users\/5"}],"replies":[{"embeddable":true,"href":"http:\/\/www.pgd-sostanj.si\/index.php?rest_route=%2Fwp%2Fv2%2Fcomments&post=72"}],"version-history":[{"count":12,"href":"http:\/\/www.pgd-sostanj.si\/index.php?rest_route=\/wp\/v2\/pages\/72\/revisions"}],"predecessor-version":[{"id":6204,"href":"http:\/\/www.pgd-sostanj.si\/index.php?rest_route=\/wp\/v2\/pages\/72\/revisions\/6204"}],"up":[{"embeddable":true,"href":"http:\/\/www.pgd-sostanj.si\/index.php?rest_route=\/wp\/v2\/pages\/62"}],"wp:featuredmedia":[{"embeddable":true,"href":"http:\/\/www.pgd-sostanj.si\/index.php?rest_route=\/wp\/v2\/media\/6161"}],"wp:attachment":[{"href":"http:\/\/www.pgd-sostanj.si\/index.php?rest_route=%2Fwp%2Fv2%2Fmedia&parent=72"}],"curies":[{"name":"wp","href":"https:\/\/api.w.org\/{rel}","templated":true}]}}