{"id":78,"date":"2014-07-27T11:46:12","date_gmt":"2014-07-27T09:46:12","guid":{"rendered":"http:\/\/www.pgd-sostanj.si\/?page_id=78"},"modified":"2023-02-26T19:36:55","modified_gmt":"2023-02-26T18:36:55","slug":"disciplinska-komisija","status":"publish","type":"page","link":"http:\/\/www.pgd-sostanj.si\/?page_id=78","title":{"rendered":"Disciplinska komisija"},"content":{"rendered":"<h3 style=\"text-align: center;\"><strong>DISCIPLINSKA KOMISIJA PGD \u0160O\u0160TANJ \u2013 MESTO<\/strong><\/h3>\n<h3 style=\"text-align: center;\"><strong>2023-2028<\/strong><\/h3>\n<table width=\"546\">\n<tbody>\n<tr>\n<td style=\"text-align: center;\" width=\"500\"><strong>Marko VERTA\u010cNIK<\/strong><\/td>\n<\/tr>\n<tr>\n<td style=\"text-align: center;\" width=\"500\"><strong>Danilo \u010cEBUL<\/strong><\/td>\n<\/tr>\n<tr>\n<td style=\"text-align: center;\" width=\"500\"><strong>\u017diga KRAJNC<\/strong><\/td>\n<\/tr>\n<tr>\n<td style=\"text-align: center;\" width=\"500\"><b>Simon KO\u010cEVAR<\/b><\/td>\n<\/tr>\n<tr>\n<td style=\"text-align: center;\" width=\"500\"><strong>Romana OV\u010cAR<\/strong><\/td>\n<\/tr>\n<\/tbody>\n<\/table>\n","protected":false},"excerpt":{"rendered":"<p>DISCIPLINSKA KOMISIJA PGD \u0160O\u0160TANJ \u2013 MESTO 2023-2028 Marko VERTA\u010cNIK Danilo \u010cEBUL \u017diga KRAJNC Simon KO\u010cEVAR Romana OV\u010cAR<\/p>\n","protected":false},"author":5,"featured_media":0,"parent":62,"menu_order":5,"comment_status":"closed","ping_status":"closed","template":"","meta":{"footnotes":""},"class_list":["post-78","page","type-page","status-publish","hentry"],"_links":{"self":[{"href":"http:\/\/www.pgd-sostanj.si\/index.php?rest_route=\/wp\/v2\/pages\/78","targetHints":{"allow":["GET"]}}],"collection":[{"href":"http:\/\/www.pgd-sostanj.si\/index.php?rest_route=\/wp\/v2\/pages"}],"about":[{"href":"http:\/\/www.pgd-sostanj.si\/index.php?rest_route=\/wp\/v2\/types\/page"}],"author":[{"embeddable":true,"href":"http:\/\/www.pgd-sostanj.si\/index.php?rest_route=\/wp\/v2\/users\/5"}],"replies":[{"embeddable":true,"href":"http:\/\/www.pgd-sostanj.si\/index.php?rest_route=%2Fwp%2Fv2%2Fcomments&post=78"}],"version-history":[{"count":15,"href":"http:\/\/www.pgd-sostanj.si\/index.php?rest_route=\/wp\/v2\/pages\/78\/revisions"}],"predecessor-version":[{"id":5731,"href":"http:\/\/www.pgd-sostanj.si\/index.php?rest_route=\/wp\/v2\/pages\/78\/revisions\/5731"}],"up":[{"embeddable":true,"href":"http:\/\/www.pgd-sostanj.si\/index.php?rest_route=\/wp\/v2\/pages\/62"}],"wp:attachment":[{"href":"http:\/\/www.pgd-sostanj.si\/index.php?rest_route=%2Fwp%2Fv2%2Fmedia&parent=78"}],"curies":[{"name":"wp","href":"https:\/\/api.w.org\/{rel}","templated":true}]}}