{"id":931,"date":"2014-08-28T11:33:28","date_gmt":"2014-08-28T09:33:28","guid":{"rendered":"http:\/\/www.pgd-sostanj.si\/?page_id=931"},"modified":"2020-08-15T13:09:37","modified_gmt":"2020-08-15T11:09:37","slug":"statut-in-akti-drustva","status":"publish","type":"page","link":"http:\/\/www.pgd-sostanj.si\/?page_id=931","title":{"rendered":"Statut in akti dru\u0161tva"},"content":{"rendered":"<table>\n<tbody>\n<tr>\n<td><a href=\"http:\/\/www.pgd-sostanj.si\/wp-content\/uploads\/2014\/08\/Statut-PGD-\u0160o\u0161tanj-mesto-sprejet-21.11.2013-1.pdf\" target=\"_blank\" rel=\"attachment noopener wp-att-2819\"><img loading=\"lazy\" decoding=\"async\" class=\"aligncenter wp-image-2819\" src=\"http:\/\/www.pgd-sostanj.si\/wp-content\/uploads\/2014\/07\/download.jpg\" alt=\"\" width=\"24\" height=\"30\" \/><\/a><\/td>\n<td><a href=\"http:\/\/www.pgd-sostanj.si\/wp-content\/uploads\/2014\/08\/Statut-PGD-\u0160o\u0161tanj-mesto-sprejet-21.11.2013-1.pdf\" target=\"_blank\" rel=\"attachment noopener wp-att-2878\">Statut PGD \u0160o\u0161tanj-mesto<\/a><\/td>\n<\/tr>\n<tr>\n<td><a href=\"http:\/\/www.pgd-sostanj.si\/wp-content\/uploads\/2014\/08\/Pravilnik-o-organizaciji-poslovanja-PGD-%C5%A0o%C5%A1tanj-mesto.pdf\" target=\"_blank\" rel=\"attachment noopener wp-att-2819\"><img loading=\"lazy\" decoding=\"async\" class=\"aligncenter wp-image-2819\" src=\"http:\/\/www.pgd-sostanj.si\/wp-content\/uploads\/2014\/07\/download.jpg\" width=\"24\" height=\"30\" \/><\/a><\/td>\n<td><a href=\"http:\/\/www.pgd-sostanj.si\/wp-content\/uploads\/2014\/08\/Pravilnik-o-organizaciji-poslovanja-PGD-%C5%A0o%C5%A1tanj-mesto.pdf\" target=\"_blank\" rel=\"attachment noopener wp-att-2878\">Pravilnik o organizaciji poslovanja<\/a><\/td>\n<\/tr>\n<tr>\n<td><a href=\"http:\/\/www.pgd-sostanj.si\/wp-content\/uploads\/2014\/08\/Pravilnik-o-finan%C4%8Dno-materialnem-poslovanju-PGD-%C5%A0o%C5%A1tanj-mesto.pdf\" target=\"_blank\" rel=\"attachment noopener wp-att-2819\"><img loading=\"lazy\" decoding=\"async\" class=\"aligncenter wp-image-2819\" src=\"http:\/\/www.pgd-sostanj.si\/wp-content\/uploads\/2014\/07\/download.jpg\" width=\"24\" height=\"30\" \/><\/a><\/td>\n<td><a href=\"http:\/\/www.pgd-sostanj.si\/wp-content\/uploads\/2014\/08\/Pravilnik-o-finan%C4%8Dno-materialnem-poslovanju-PGD-%C5%A0o%C5%A1tanj-mesto.pdf\" target=\"_blank\" rel=\"attachment noopener wp-att-2877\">Pravilnik o finan\u010dno materialnem poslovanju<\/a><\/td>\n<\/tr>\n<tr>\n<td><a href=\"http:\/\/www.pgd-sostanj.si\/wp-content\/uploads\/2014\/08\/Pravilnik-o-disciplinskem-postopku-PGD-%C5%A0o%C5%A1tanj-mesto.pdf\" target=\"_blank\" rel=\"attachment noopener wp-att-2819\"><img loading=\"lazy\" decoding=\"async\" class=\"aligncenter wp-image-2819\" src=\"http:\/\/www.pgd-sostanj.si\/wp-content\/uploads\/2014\/07\/download.jpg\" width=\"24\" height=\"30\" \/><\/a><\/td>\n<td><a href=\"http:\/\/www.pgd-sostanj.si\/wp-content\/uploads\/2014\/08\/Pravilnik-o-disciplinskem-postopku-PGD-%C5%A0o%C5%A1tanj-mesto.pdf\" target=\"_blank\" rel=\"attachment noopener wp-att-2876\">Pravilnik o disciplinskem postopku <\/a><\/td>\n<\/tr>\n<\/tbody>\n<\/table>\n","protected":false},"excerpt":{"rendered":"<p>Statut PGD \u0160o\u0161tanj-mesto Pravilnik o organizaciji poslovanja Pravilnik o finan\u010dno materialnem poslovanju Pravilnik o disciplinskem postopku<\/p>\n","protected":false},"author":5,"featured_media":0,"parent":2,"menu_order":7,"comment_status":"closed","ping_status":"closed","template":"","meta":{"footnotes":""},"class_list":["post-931","page","type-page","status-publish","hentry"],"_links":{"self":[{"href":"http:\/\/www.pgd-sostanj.si\/index.php?rest_route=\/wp\/v2\/pages\/931","targetHints":{"allow":["GET"]}}],"collection":[{"href":"http:\/\/www.pgd-sostanj.si\/index.php?rest_route=\/wp\/v2\/pages"}],"about":[{"href":"http:\/\/www.pgd-sostanj.si\/index.php?rest_route=\/wp\/v2\/types\/page"}],"author":[{"embeddable":true,"href":"http:\/\/www.pgd-sostanj.si\/index.php?rest_route=\/wp\/v2\/users\/5"}],"replies":[{"embeddable":true,"href":"http:\/\/www.pgd-sostanj.si\/index.php?rest_route=%2Fwp%2Fv2%2Fcomments&post=931"}],"version-history":[{"count":29,"href":"http:\/\/www.pgd-sostanj.si\/index.php?rest_route=\/wp\/v2\/pages\/931\/revisions"}],"predecessor-version":[{"id":4426,"href":"http:\/\/www.pgd-sostanj.si\/index.php?rest_route=\/wp\/v2\/pages\/931\/revisions\/4426"}],"up":[{"embeddable":true,"href":"http:\/\/www.pgd-sostanj.si\/index.php?rest_route=\/wp\/v2\/pages\/2"}],"wp:attachment":[{"href":"http:\/\/www.pgd-sostanj.si\/index.php?rest_route=%2Fwp%2Fv2%2Fmedia&parent=931"}],"curies":[{"name":"wp","href":"https:\/\/api.w.org\/{rel}","templated":true}]}}