{"id":126,"date":"2014-07-27T11:58:01","date_gmt":"2014-07-27T09:58:01","guid":{"rendered":"http:\/\/www.pgd-sostanj.si\/?page_id=126"},"modified":"2025-05-13T10:49:36","modified_gmt":"2025-05-13T08:49:36","slug":"operativci","status":"publish","type":"page","link":"https:\/\/www.pgd-sostanj.si\/?page_id=126","title":{"rendered":"Operativna enota"},"content":{"rendered":"\n<h1 class=\"wp-block-heading has-text-align-center\"><strong>OPERATIVNA ENOTA <\/strong><\/h1>\n\n\n\n<h1 class=\"wp-block-heading has-text-align-center\"><strong>PGD \u0160O\u0160TANJ &#8211; MESTO<\/strong><\/h1>\n\n\n\n<figure class=\"wp-block-image aligncenter\"><a href=\"http:\/\/www.pgd-sostanj.si\/wp-content\/uploads\/2020\/02\/slikanje-Laj\u0161e_025.jpg\"><img loading=\"lazy\" decoding=\"async\" width=\"1024\" height=\"682\" src=\"http:\/\/www.pgd-sostanj.si\/wp-content\/uploads\/2020\/02\/slikanje-Laj\u0161e_025-1024x682.jpg\" alt=\"\" class=\"wp-image-5029\" srcset=\"https:\/\/www.pgd-sostanj.si\/wp-content\/uploads\/2020\/02\/slikanje-Laj\u0161e_025-1024x682.jpg 1024w, https:\/\/www.pgd-sostanj.si\/wp-content\/uploads\/2020\/02\/slikanje-Laj\u0161e_025-300x200.jpg 300w, https:\/\/www.pgd-sostanj.si\/wp-content\/uploads\/2020\/02\/slikanje-Laj\u0161e_025-768x512.jpg 768w, https:\/\/www.pgd-sostanj.si\/wp-content\/uploads\/2020\/02\/slikanje-Laj\u0161e_025-2000x1333.jpg 2000w\" sizes=\"auto, (max-width: 1024px) 100vw, 1024px\" \/><\/a><\/figure>\n\n\n\n<h4 class=\"wp-block-heading\"><strong>PGD \u0160o\u0161tanj \u2013 mesto je osrednje dru\u0161tvo IV. kategorije. Imamo 55 usposobljenih in opremljenih operativnih gasilcev.<\/strong><\/h4>\n\n\n\n<p><strong>Prostovoljni operativni gasilec je<\/strong>:<\/p>\n\n\n\n<p>o&nbsp;&nbsp;&nbsp; \u010dlan gasilskega dru\u0161tva,<\/p>\n\n\n\n<p>o&nbsp;&nbsp;&nbsp; oseba stara od 18 do 63 let pri mo\u0161kih, oziroma 18 do 55 &nbsp;let pri \u017eenskah,<\/p>\n\n\n\n<p>o&nbsp;&nbsp;&nbsp; ima opravljen te\u010daj za operativnega gasilca,<\/p>\n\n\n\n<p>o\u00a0\u00a0\u00a0 strokovno usposobljen za ga\u0161enje in re\u0161evanje,<\/p>\n\n\n\n<p>o&nbsp;&nbsp;&nbsp; ima opravljen zdravni\u0161ki pregled,<\/p>\n\n\n\n<p>o\u00a0\u00a0\u00a0 psihofizi\u010dno sposoben opravljati naloge,<\/p>\n\n\n\n<p>o&nbsp;&nbsp;&nbsp; opremljen s predpisano osebno opremo,<\/p>\n\n\n\n<p>o&nbsp;&nbsp;&nbsp; usposobljen iz varnosti in zdravja pri delu glede uporabe orodij, opreme in vozil,<\/p>\n\n\n\n<p>o&nbsp;&nbsp;&nbsp; ni bil pravnomo\u010dno obsojen za kaznivo dejanje zoper \u017eivljenje, telo in premo\u017eenje.<\/p>\n\n\n\n<p>&nbsp;<\/p>\n","protected":false},"excerpt":{"rendered":"<p>OPERATIVNA ENOTA PGD \u0160O\u0160TANJ &#8211; MESTO PGD \u0160o\u0161tanj \u2013 mesto je osrednje dru\u0161tvo IV. kategorije. Imamo 55 usposobljenih in opremljenih operativnih gasilcev. Prostovoljni operativni gasilec je: o&nbsp;&nbsp;&nbsp; \u010dlan gasilskega dru\u0161tva, o&nbsp;&nbsp;&nbsp; oseba stara od 18 do 63 let pri mo\u0161kih, oziroma 18 do 55 &nbsp;let pri \u017eenskah, o&nbsp;&nbsp;&nbsp; ima opravljen te\u010daj za operativnega gasilca, o\u00a0\u00a0\u00a0 &hellip; <\/p>\n<p class=\"link-more\"><a href=\"https:\/\/www.pgd-sostanj.si\/?page_id=126\" class=\"more-link\">Read more<span class=\"screen-reader-text\"> &#8220;Operativna enota&#8221;<\/span><\/a><\/p>\n","protected":false},"author":5,"featured_media":5029,"parent":35,"menu_order":1,"comment_status":"closed","ping_status":"closed","template":"","meta":{"footnotes":""},"class_list":["post-126","page","type-page","status-publish","has-post-thumbnail","hentry"],"_links":{"self":[{"href":"https:\/\/www.pgd-sostanj.si\/index.php?rest_route=\/wp\/v2\/pages\/126","targetHints":{"allow":["GET"]}}],"collection":[{"href":"https:\/\/www.pgd-sostanj.si\/index.php?rest_route=\/wp\/v2\/pages"}],"about":[{"href":"https:\/\/www.pgd-sostanj.si\/index.php?rest_route=\/wp\/v2\/types\/page"}],"author":[{"embeddable":true,"href":"https:\/\/www.pgd-sostanj.si\/index.php?rest_route=\/wp\/v2\/users\/5"}],"replies":[{"embeddable":true,"href":"https:\/\/www.pgd-sostanj.si\/index.php?rest_route=%2Fwp%2Fv2%2Fcomments&post=126"}],"version-history":[{"count":65,"href":"https:\/\/www.pgd-sostanj.si\/index.php?rest_route=\/wp\/v2\/pages\/126\/revisions"}],"predecessor-version":[{"id":6223,"href":"https:\/\/www.pgd-sostanj.si\/index.php?rest_route=\/wp\/v2\/pages\/126\/revisions\/6223"}],"up":[{"embeddable":true,"href":"https:\/\/www.pgd-sostanj.si\/index.php?rest_route=\/wp\/v2\/pages\/35"}],"wp:featuredmedia":[{"embeddable":true,"href":"https:\/\/www.pgd-sostanj.si\/index.php?rest_route=\/wp\/v2\/media\/5029"}],"wp:attachment":[{"href":"https:\/\/www.pgd-sostanj.si\/index.php?rest_route=%2Fwp%2Fv2%2Fmedia&parent=126"}],"curies":[{"name":"wp","href":"https:\/\/api.w.org\/{rel}","templated":true}]}}