{"id":2005,"date":"2016-03-09T10:45:53","date_gmt":"2016-03-09T09:45:53","guid":{"rendered":"http:\/\/www.pgd-sostanj.si\/?page_id=2005"},"modified":"2025-05-12T09:24:59","modified_gmt":"2025-05-12T07:24:59","slug":"nasa-mladina","status":"publish","type":"page","link":"https:\/\/www.pgd-sostanj.si\/?page_id=2005","title":{"rendered":"Na\u0161a mladina"},"content":{"rendered":"<p>&nbsp;<\/p>\n<p><a href=\"http:\/\/www.pgd-sostanj.si\/wp-content\/uploads\/2020\/02\/IMG_8811.jpg\"><img loading=\"lazy\" decoding=\"async\" class=\"alignnone size-large wp-image-5003\" src=\"http:\/\/www.pgd-sostanj.si\/wp-content\/uploads\/2020\/02\/IMG_8811-1024x683.jpg\" alt=\"\" width=\"750\" height=\"500\" srcset=\"https:\/\/www.pgd-sostanj.si\/wp-content\/uploads\/2020\/02\/IMG_8811-1024x683.jpg 1024w, https:\/\/www.pgd-sostanj.si\/wp-content\/uploads\/2020\/02\/IMG_8811-300x200.jpg 300w, https:\/\/www.pgd-sostanj.si\/wp-content\/uploads\/2020\/02\/IMG_8811-768x512.jpg 768w, https:\/\/www.pgd-sostanj.si\/wp-content\/uploads\/2020\/02\/IMG_8811-2000x1333.jpg 2000w\" sizes=\"auto, (max-width: 750px) 100vw, 750px\" \/><\/a><\/p>\n<p>Delo Mladine skozi \u010das\u2026<\/p>\n<p>V PGD \u0160o\u0161tanj-mesto se je \u017ee v zgodovini delalo z mladimi. Ne smemo pozabiti enega najve\u010djih uspehov \u0161e v tedanji Jugoslaviji, ko so pionirke leta 1984 postale dr\u017eavne prvakinje.\u00a0 S koncem 90. Let pa se je za\u010dela neka nova doba dela z mladino v dru\u0161tvu. Lahko re\u010demo bolj organizirano. Namre\u010d leta 1999 smo organizirali svoj prvi zbor mladine, ki se nadaljuje do danes. Vse ve\u010d smo sodelovali v aktivnosti na\u0161e zveze. Tako na \u0161portne kot tudi na tekmovalnem podro\u010dju. Organizirali smo se v mladinsko\u00a0 komisijo za delo z mladimi. Tako so za\u010deli prihajati tudi rezultati. Vrsto let smo bili med \u0161portnimi aktivnosti v samem vrhu v na\u0161i zvezi. Eden najve\u010djih uspehov pa se je zgodil leta 2008, ko so na\u0161i pionirji postali dr\u017eavni podprvaki. Delo z mladino se v dru\u0161tvu daje velik pomen.\u00a0 Kljub dana\u0161njemu \u010dasu, ko imajo mladi ogromno drugih aktivnosti se z mentorji trudimo privabiti \u010dim ve\u010d mladih med gasilske vrste. To nam do sedaj uspeva. Trenutno je v na\u0161em dru\u0161tvu vklju\u010deno preko 60 mladih v vseh desetinah. 9 mentorjev pa skrbi, da tako ostane tudi naprej. Seveda je klju\u010dnega pomena tu posluh vodstva dru\u0161tva, da uresni\u010dujemo svoje cilje in pa tudi same lokalne skupnosti, ki vidi na\u0161e dru\u0161tvo kot velik pomemben del\u00a0 v razvoju mladine na\u0161e ob\u010dine.<\/p>\n<p><a href=\"http:\/\/www.pgd-sostanj.si\/wp-content\/uploads\/2014\/09\/235.jpg\"><img loading=\"lazy\" decoding=\"async\" class=\"alignnone wp-image-1058\" src=\"http:\/\/www.pgd-sostanj.si\/wp-content\/uploads\/2014\/09\/235-300x200.jpg\" alt=\"235\" width=\"290\" height=\"193\" srcset=\"https:\/\/www.pgd-sostanj.si\/wp-content\/uploads\/2014\/09\/235-300x200.jpg 300w, https:\/\/www.pgd-sostanj.si\/wp-content\/uploads\/2014\/09\/235-1024x684.jpg 1024w\" sizes=\"auto, (max-width: 290px) 100vw, 290px\" \/><\/a> <a href=\"http:\/\/www.pgd-sostanj.si\/wp-content\/uploads\/2014\/09\/251.jpg\"><img loading=\"lazy\" decoding=\"async\" class=\"alignnone wp-image-1059\" src=\"http:\/\/www.pgd-sostanj.si\/wp-content\/uploads\/2014\/09\/251-300x200.jpg\" alt=\"251\" width=\"290\" height=\"193\" srcset=\"https:\/\/www.pgd-sostanj.si\/wp-content\/uploads\/2014\/09\/251-300x200.jpg 300w, https:\/\/www.pgd-sostanj.si\/wp-content\/uploads\/2014\/09\/251-1024x683.jpg 1024w\" sizes=\"auto, (max-width: 290px) 100vw, 290px\" \/><\/a> <a href=\"http:\/\/www.pgd-sostanj.si\/wp-content\/uploads\/2014\/09\/151.jpg\"><img loading=\"lazy\" decoding=\"async\" class=\"alignnone wp-image-1057 \" src=\"http:\/\/www.pgd-sostanj.si\/wp-content\/uploads\/2014\/09\/151-1024x682.jpg\" alt=\"151\" width=\"625\" height=\"416\" srcset=\"https:\/\/www.pgd-sostanj.si\/wp-content\/uploads\/2014\/09\/151-1024x682.jpg 1024w, https:\/\/www.pgd-sostanj.si\/wp-content\/uploads\/2014\/09\/151-300x200.jpg 300w\" sizes=\"auto, (max-width: 625px) 100vw, 625px\" \/><\/a><\/p>\n","protected":false},"excerpt":{"rendered":"<p>&nbsp; Delo Mladine skozi \u010das\u2026 V PGD \u0160o\u0161tanj-mesto se je \u017ee v zgodovini delalo z mladimi. Ne smemo pozabiti enega najve\u010djih uspehov \u0161e v tedanji Jugoslaviji, ko so pionirke leta 1984 postale dr\u017eavne prvakinje.\u00a0 S koncem 90. Let pa se je za\u010dela neka nova doba dela z mladino v dru\u0161tvu. Lahko re\u010demo bolj organizirano. Namre\u010d &hellip; <\/p>\n<p class=\"link-more\"><a href=\"https:\/\/www.pgd-sostanj.si\/?page_id=2005\" class=\"more-link\">Read more<span class=\"screen-reader-text\"> &#8220;Na\u0161a mladina&#8221;<\/span><\/a><\/p>\n","protected":false},"author":5,"featured_media":5003,"parent":1051,"menu_order":0,"comment_status":"closed","ping_status":"closed","template":"","meta":{"footnotes":""},"class_list":["post-2005","page","type-page","status-publish","has-post-thumbnail","hentry"],"_links":{"self":[{"href":"https:\/\/www.pgd-sostanj.si\/index.php?rest_route=\/wp\/v2\/pages\/2005","targetHints":{"allow":["GET"]}}],"collection":[{"href":"https:\/\/www.pgd-sostanj.si\/index.php?rest_route=\/wp\/v2\/pages"}],"about":[{"href":"https:\/\/www.pgd-sostanj.si\/index.php?rest_route=\/wp\/v2\/types\/page"}],"author":[{"embeddable":true,"href":"https:\/\/www.pgd-sostanj.si\/index.php?rest_route=\/wp\/v2\/users\/5"}],"replies":[{"embeddable":true,"href":"https:\/\/www.pgd-sostanj.si\/index.php?rest_route=%2Fwp%2Fv2%2Fcomments&post=2005"}],"version-history":[{"count":6,"href":"https:\/\/www.pgd-sostanj.si\/index.php?rest_route=\/wp\/v2\/pages\/2005\/revisions"}],"predecessor-version":[{"id":5004,"href":"https:\/\/www.pgd-sostanj.si\/index.php?rest_route=\/wp\/v2\/pages\/2005\/revisions\/5004"}],"up":[{"embeddable":true,"href":"https:\/\/www.pgd-sostanj.si\/index.php?rest_route=\/wp\/v2\/pages\/1051"}],"wp:featuredmedia":[{"embeddable":true,"href":"https:\/\/www.pgd-sostanj.si\/index.php?rest_route=\/wp\/v2\/media\/5003"}],"wp:attachment":[{"href":"https:\/\/www.pgd-sostanj.si\/index.php?rest_route=%2Fwp%2Fv2%2Fmedia&parent=2005"}],"curies":[{"name":"wp","href":"https:\/\/api.w.org\/{rel}","templated":true}]}}