{"id":222,"date":"2014-07-27T13:18:34","date_gmt":"2014-07-27T11:18:34","guid":{"rendered":"http:\/\/www.pgd-sostanj.si\/?page_id=222"},"modified":"2020-08-15T13:51:42","modified_gmt":"2020-08-15T11:51:42","slug":"grc","status":"publish","type":"page","link":"https:\/\/www.pgd-sostanj.si\/?page_id=222","title":{"rendered":"GR\u010c"},"content":{"rendered":"<p style=\"text-align: center;\"><strong>GR\u010c <\/strong><\/p>\n<table class=\" aligncenter\" width=\"533\">\n<tbody>\n<tr>\n<td width=\"203\">Namen\/vrsta vozila<\/td>\n<td colspan=\"2\" width=\"325\">Gasilski re\u0161evalni \u010doln za re\u0161evanje na vodi<\/td>\n<\/tr>\n<tr>\n<td width=\"203\">Leto izdelave<\/td>\n<td width=\"128\">2008<\/td>\n<td width=\"195\"><\/td>\n<\/tr>\n<tr>\n<td width=\"203\">Posadka vozila &#8211; max<\/td>\n<td width=\"128\">5<\/td>\n<td width=\"195\"><\/td>\n<\/tr>\n<tr>\n<td width=\"203\">Proizvajalec<\/td>\n<td colspan=\"2\" width=\"325\">MARINAR<\/td>\n<\/tr>\n<tr>\n<td width=\"203\">Tip \u010dolna<\/td>\n<td colspan=\"2\" width=\"325\">MARINAR RB 295<\/td>\n<\/tr>\n<tr>\n<td width=\"203\">Izvenkrmni motor<\/td>\n<td colspan=\"2\" width=\"325\">YAMAHA M 20 &#8211; el<\/td>\n<\/tr>\n<tr>\n<td width=\"203\">Dimenzije vozila d\/\u0161\/ (cm)<\/td>\n<td colspan=\"2\" width=\"325\">299\/166<\/td>\n<\/tr>\n<tr>\n<td width=\"203\">Premer tubusa (cm)<\/td>\n<td colspan=\"2\" width=\"325\">40<\/td>\n<\/tr>\n<tr>\n<td width=\"203\">Prikolica<\/td>\n<td colspan=\"2\" width=\"325\">HUMBAUER 1352-1<\/td>\n<\/tr>\n<\/tbody>\n<\/table>\n","protected":false},"excerpt":{"rendered":"<p>GR\u010c Namen\/vrsta vozila Gasilski re\u0161evalni \u010doln za re\u0161evanje na vodi Leto izdelave 2008 Posadka vozila &#8211; max 5 Proizvajalec MARINAR Tip \u010dolna MARINAR RB 295 Izvenkrmni motor YAMAHA M 20 &#8211; el Dimenzije vozila d\/\u0161\/ (cm) 299\/166 Premer tubusa (cm) 40 Prikolica HUMBAUER 1352-1<\/p>\n","protected":false},"author":5,"featured_media":0,"parent":360,"menu_order":8,"comment_status":"closed","ping_status":"closed","template":"","meta":{"footnotes":""},"class_list":["post-222","page","type-page","status-publish","hentry"],"_links":{"self":[{"href":"https:\/\/www.pgd-sostanj.si\/index.php?rest_route=\/wp\/v2\/pages\/222","targetHints":{"allow":["GET"]}}],"collection":[{"href":"https:\/\/www.pgd-sostanj.si\/index.php?rest_route=\/wp\/v2\/pages"}],"about":[{"href":"https:\/\/www.pgd-sostanj.si\/index.php?rest_route=\/wp\/v2\/types\/page"}],"author":[{"embeddable":true,"href":"https:\/\/www.pgd-sostanj.si\/index.php?rest_route=\/wp\/v2\/users\/5"}],"replies":[{"embeddable":true,"href":"https:\/\/www.pgd-sostanj.si\/index.php?rest_route=%2Fwp%2Fv2%2Fcomments&post=222"}],"version-history":[{"count":4,"href":"https:\/\/www.pgd-sostanj.si\/index.php?rest_route=\/wp\/v2\/pages\/222\/revisions"}],"predecessor-version":[{"id":4491,"href":"https:\/\/www.pgd-sostanj.si\/index.php?rest_route=\/wp\/v2\/pages\/222\/revisions\/4491"}],"up":[{"embeddable":true,"href":"https:\/\/www.pgd-sostanj.si\/index.php?rest_route=\/wp\/v2\/pages\/360"}],"wp:attachment":[{"href":"https:\/\/www.pgd-sostanj.si\/index.php?rest_route=%2Fwp%2Fv2%2Fmedia&parent=222"}],"curies":[{"name":"wp","href":"https:\/\/api.w.org\/{rel}","templated":true}]}}