{"id":69,"date":"2014-07-27T11:44:58","date_gmt":"2014-07-27T09:44:58","guid":{"rendered":"http:\/\/www.pgd-sostanj.si\/?page_id=69"},"modified":"2025-05-13T10:43:50","modified_gmt":"2025-05-13T08:43:50","slug":"poveljstvo","status":"publish","type":"page","link":"https:\/\/www.pgd-sostanj.si\/?page_id=69","title":{"rendered":"Poveljstvo"},"content":{"rendered":"<h3 style=\"text-align: center;\"><strong>POVELJSTVO\u00a0<\/strong><strong>PGD \u0160O\u0160TANJ \u2013 MESTO<\/strong><\/h3>\n<h3 style=\"text-align: center;\"><strong>2023-2028<\/strong><\/h3>\n<table class=\" alignleft\" width=\"0\">\n<tbody>\n<tr>\n<td width=\"412\"><strong>1. POVELJNIK<\/strong><\/td>\n<td width=\"183\"><strong>Vojko BRICMAN<\/strong><\/td>\n<\/tr>\n<tr>\n<td width=\"412\"><strong>2. NAMESTNIK POVELJNIKA<\/strong><\/td>\n<td width=\"183\"><strong>Denis PU\u010cKO<\/strong><\/td>\n<\/tr>\n<tr>\n<td width=\"412\"><strong>3. PODPOVELJNIK <\/strong><\/td>\n<td width=\"183\"><strong>Luka BOLHA<\/strong><\/td>\n<\/tr>\n<tr>\n<td width=\"412\"><strong>4. POMO\u010cNIK POVELJNIKA ZA NAPRAVE ZA ZA\u0160\u010cITO DIHAL<\/strong><\/td>\n<td width=\"183\"><strong>Jan KRAJNC<\/strong><\/td>\n<\/tr>\n<tr>\n<td width=\"412\"><strong>5. POMO\u010cNIK POVELJNIKA ZA RADIJSKE ZVEZE<\/strong><\/td>\n<td width=\"183\"><strong>Andra\u017e RO\u0160KAR<\/strong><\/td>\n<\/tr>\n<tr>\n<td width=\"412\"><strong>6. POMO\u010cNIK POVELJNIKA ZA PRVO POMO\u010c<\/strong><\/td>\n<td width=\"183\"><strong>\u017diga KRAJNC<\/strong><\/td>\n<\/tr>\n<tr>\n<td width=\"412\"><strong>7. GLAVNI STROJNIK<\/strong><\/td>\n<td width=\"183\"><strong>Peter BRICMAN<\/strong><\/td>\n<\/tr>\n<tr>\n<td width=\"412\"><strong>8. ORODJAR<\/strong><\/td>\n<td width=\"183\"><strong>Nejc SLEMEN\u0160EK<\/strong><\/td>\n<\/tr>\n<\/tbody>\n<\/table>\n<p>&nbsp;<\/p>\n","protected":false},"excerpt":{"rendered":"<p>POVELJSTVO\u00a0PGD \u0160O\u0160TANJ \u2013 MESTO 2023-2028 1. POVELJNIK Vojko BRICMAN 2. NAMESTNIK POVELJNIKA Denis PU\u010cKO 3. PODPOVELJNIK Luka BOLHA 4. POMO\u010cNIK POVELJNIKA ZA NAPRAVE ZA ZA\u0160\u010cITO DIHAL Jan KRAJNC 5. POMO\u010cNIK POVELJNIKA ZA RADIJSKE ZVEZE Andra\u017e RO\u0160KAR 6. POMO\u010cNIK POVELJNIKA ZA PRVO POMO\u010c \u017diga KRAJNC 7. GLAVNI STROJNIK Peter BRICMAN 8. ORODJAR Nejc SLEMEN\u0160EK &nbsp;<\/p>\n","protected":false},"author":5,"featured_media":0,"parent":62,"menu_order":2,"comment_status":"closed","ping_status":"closed","template":"","meta":{"footnotes":""},"class_list":["post-69","page","type-page","status-publish","hentry"],"_links":{"self":[{"href":"https:\/\/www.pgd-sostanj.si\/index.php?rest_route=\/wp\/v2\/pages\/69","targetHints":{"allow":["GET"]}}],"collection":[{"href":"https:\/\/www.pgd-sostanj.si\/index.php?rest_route=\/wp\/v2\/pages"}],"about":[{"href":"https:\/\/www.pgd-sostanj.si\/index.php?rest_route=\/wp\/v2\/types\/page"}],"author":[{"embeddable":true,"href":"https:\/\/www.pgd-sostanj.si\/index.php?rest_route=\/wp\/v2\/users\/5"}],"replies":[{"embeddable":true,"href":"https:\/\/www.pgd-sostanj.si\/index.php?rest_route=%2Fwp%2Fv2%2Fcomments&post=69"}],"version-history":[{"count":11,"href":"https:\/\/www.pgd-sostanj.si\/index.php?rest_route=\/wp\/v2\/pages\/69\/revisions"}],"predecessor-version":[{"id":6205,"href":"https:\/\/www.pgd-sostanj.si\/index.php?rest_route=\/wp\/v2\/pages\/69\/revisions\/6205"}],"up":[{"embeddable":true,"href":"https:\/\/www.pgd-sostanj.si\/index.php?rest_route=\/wp\/v2\/pages\/62"}],"wp:attachment":[{"href":"https:\/\/www.pgd-sostanj.si\/index.php?rest_route=%2Fwp%2Fv2%2Fmedia&parent=69"}],"curies":[{"name":"wp","href":"https:\/\/api.w.org\/{rel}","templated":true}]}}