{"id":792,"date":"2014-07-29T19:54:24","date_gmt":"2014-07-29T17:54:24","guid":{"rendered":"http:\/\/www.pgd-sostanj.si\/?page_id=792"},"modified":"2025-05-09T06:55:09","modified_gmt":"2025-05-09T04:55:09","slug":"simboli-drustva","status":"publish","type":"page","link":"https:\/\/www.pgd-sostanj.si\/?page_id=792","title":{"rendered":"Simboli dru\u0161tva"},"content":{"rendered":"\n<h1 class=\"wp-block-heading has-text-align-center\"><span style=\"text-decoration: underline;\"><strong>Dru\u0161tveni prapor<\/strong><\/span><\/h1>\n\n\n\n<p class=\"has-text-align-center\"><span style=\"text-decoration: underline;\"><strong><figure><a href=\"http:\/\/www.pgd-sostanj.si\/wp-content\/uploads\/2014\/07\/IMGP3802.jpg\"><img loading=\"lazy\" decoding=\"async\" title=\"Dru\u0161tveni prapor\" width=\"2304\" height=\"3072\" class=\"alignnone wp-image-819 size-full\" src=\"http:\/\/www.pgd-sostanj.si\/wp-content\/uploads\/2014\/07\/IMGP3802.jpg\" alt=\"IMGP3802\" srcset=\"https:\/\/www.pgd-sostanj.si\/wp-content\/uploads\/2014\/07\/IMGP3802.jpg 2304w, https:\/\/www.pgd-sostanj.si\/wp-content\/uploads\/2014\/07\/IMGP3802-225x300.jpg 225w, https:\/\/www.pgd-sostanj.si\/wp-content\/uploads\/2014\/07\/IMGP3802-768x1024.jpg 768w\" sizes=\"auto, (max-width: 2304px) 100vw, 2304px\" \/><\/a><\/figure><\/strong><\/span><\/p>\n\n\n\n<h1 class=\"wp-block-heading has-text-align-center\"><span style=\"text-decoration: underline;\"><strong>Mladinski prapor<\/strong><\/span><\/h1>\n\n\n\n<p><\/p>\n\n\n\n<p><span style=\"text-decoration: underline;\"><strong><figure><a href=\"http:\/\/www.pgd-sostanj.si\/wp-content\/uploads\/2014\/07\/IMGP3813.jpg\"><img loading=\"lazy\" decoding=\"async\" width=\"3072\" height=\"2304\" class=\"alignnone wp-image-822 size-full\" src=\"http:\/\/www.pgd-sostanj.si\/wp-content\/uploads\/2014\/07\/IMGP3813.jpg\" alt=\"IMGP3813\" srcset=\"https:\/\/www.pgd-sostanj.si\/wp-content\/uploads\/2014\/07\/IMGP3813.jpg 3072w, https:\/\/www.pgd-sostanj.si\/wp-content\/uploads\/2014\/07\/IMGP3813-300x225.jpg 300w, https:\/\/www.pgd-sostanj.si\/wp-content\/uploads\/2014\/07\/IMGP3813-1024x768.jpg 1024w, https:\/\/www.pgd-sostanj.si\/wp-content\/uploads\/2014\/07\/IMGP3813-320x240.jpg 320w\" sizes=\"auto, (max-width: 3072px) 100vw, 3072px\" \/><\/a><\/figure><\/strong><\/span><\/p>\n\n\n\n<h1 class=\"wp-block-heading has-text-align-center\"><span style=\"text-decoration: underline;\"><strong>Na\u0161itek dru\u0161tva<\/strong><\/span><\/h1>\n\n\n\n<h2 class=\"wp-block-heading has-text-align-center\"><span style=\"text-decoration: underline;\"><strong><figure><a href=\"http:\/\/www.pgd-sostanj.si\/wp-content\/uploads\/2014\/07\/Na\u0161itek.jpg\"><img loading=\"lazy\" decoding=\"async\" width=\"853\" height=\"837\" class=\"alignnone wp-image-796 size-full\" src=\"http:\/\/www.pgd-sostanj.si\/wp-content\/uploads\/2014\/07\/Na\u0161itek.jpg\" alt=\"Na\u0161itek\" srcset=\"https:\/\/www.pgd-sostanj.si\/wp-content\/uploads\/2014\/07\/Na\u0161itek.jpg 853w, https:\/\/www.pgd-sostanj.si\/wp-content\/uploads\/2014\/07\/Na\u0161itek-300x294.jpg 300w, https:\/\/www.pgd-sostanj.si\/wp-content\/uploads\/2014\/07\/Na\u0161itek-65x65.jpg 65w\" sizes=\"auto, (max-width: 853px) 100vw, 853px\" \/><\/a><\/figure><\/strong><\/span><\/h2>\n\n\n\n<h1 class=\"wp-block-heading has-text-align-center\"><span style=\"text-decoration: underline;\"><strong>Na\u0161itek operativne enote<\/strong><\/span><\/h1>\n\n\n\n<h2 class=\"wp-block-heading has-text-align-center\"><span style=\"text-decoration: underline;\"><strong><figure><a href=\"http:\/\/www.pgd-sostanj.si\/wp-content\/uploads\/2014\/07\/Operativna-enota.png\"><img loading=\"lazy\" decoding=\"async\" class=\"alignnone wp-image-1925 size-full\" src=\"http:\/\/www.pgd-sostanj.si\/wp-content\/uploads\/2014\/07\/Operativna-enota.png\" alt=\"Operativna enota\" width=\"652\" height=\"652\" srcset=\"https:\/\/www.pgd-sostanj.si\/wp-content\/uploads\/2014\/07\/Operativna-enota.png 652w, https:\/\/www.pgd-sostanj.si\/wp-content\/uploads\/2014\/07\/Operativna-enota-150x150.png 150w, https:\/\/www.pgd-sostanj.si\/wp-content\/uploads\/2014\/07\/Operativna-enota-300x300.png 300w, https:\/\/www.pgd-sostanj.si\/wp-content\/uploads\/2014\/07\/Operativna-enota-65x65.png 65w\" sizes=\"auto, (max-width: 652px) 100vw, 652px\" \/><\/a><\/figure><\/strong><\/span><\/h2>\n\n\n\n<h1 class=\"wp-block-heading has-text-align-center\"><strong><span style=\"text-decoration: underline;\">Logotip dru\u0161tva<\/span><\/strong><\/h1>\n\n\n\n<figure class=\"wp-block-image aligncenter size-full\"><a href=\"http:\/\/www.pgd-sostanj.si\/wp-content\/uploads\/2025\/03\/Logo-PGD-Sostanj-mesto.png\"><img loading=\"lazy\" decoding=\"async\" width=\"1000\" height=\"1000\" src=\"http:\/\/www.pgd-sostanj.si\/wp-content\/uploads\/2025\/03\/Logo-PGD-Sostanj-mesto.png\" alt=\"\" class=\"wp-image-6051\" srcset=\"https:\/\/www.pgd-sostanj.si\/wp-content\/uploads\/2025\/03\/Logo-PGD-Sostanj-mesto.png 1000w, https:\/\/www.pgd-sostanj.si\/wp-content\/uploads\/2025\/03\/Logo-PGD-Sostanj-mesto-300x300.png 300w, https:\/\/www.pgd-sostanj.si\/wp-content\/uploads\/2025\/03\/Logo-PGD-Sostanj-mesto-150x150.png 150w, https:\/\/www.pgd-sostanj.si\/wp-content\/uploads\/2025\/03\/Logo-PGD-Sostanj-mesto-768x768.png 768w, https:\/\/www.pgd-sostanj.si\/wp-content\/uploads\/2025\/03\/Logo-PGD-Sostanj-mesto-65x65.png 65w, https:\/\/www.pgd-sostanj.si\/wp-content\/uploads\/2025\/03\/Logo-PGD-Sostanj-mesto-847x847.png 847w\" sizes=\"auto, (max-width: 1000px) 100vw, 1000px\" \/><\/a><\/figure>\n","protected":false},"excerpt":{"rendered":"<p>Dru\u0161tveni prapor Mladinski prapor Na\u0161itek dru\u0161tva Na\u0161itek operativne enote Logotip dru\u0161tva<\/p>\n","protected":false},"author":5,"featured_media":0,"parent":2,"menu_order":4,"comment_status":"closed","ping_status":"closed","template":"","meta":{"footnotes":""},"class_list":["post-792","page","type-page","status-publish","hentry"],"_links":{"self":[{"href":"https:\/\/www.pgd-sostanj.si\/index.php?rest_route=\/wp\/v2\/pages\/792","targetHints":{"allow":["GET"]}}],"collection":[{"href":"https:\/\/www.pgd-sostanj.si\/index.php?rest_route=\/wp\/v2\/pages"}],"about":[{"href":"https:\/\/www.pgd-sostanj.si\/index.php?rest_route=\/wp\/v2\/types\/page"}],"author":[{"embeddable":true,"href":"https:\/\/www.pgd-sostanj.si\/index.php?rest_route=\/wp\/v2\/users\/5"}],"replies":[{"embeddable":true,"href":"https:\/\/www.pgd-sostanj.si\/index.php?rest_route=%2Fwp%2Fv2%2Fcomments&post=792"}],"version-history":[{"count":21,"href":"https:\/\/www.pgd-sostanj.si\/index.php?rest_route=\/wp\/v2\/pages\/792\/revisions"}],"predecessor-version":[{"id":6163,"href":"https:\/\/www.pgd-sostanj.si\/index.php?rest_route=\/wp\/v2\/pages\/792\/revisions\/6163"}],"up":[{"embeddable":true,"href":"https:\/\/www.pgd-sostanj.si\/index.php?rest_route=\/wp\/v2\/pages\/2"}],"wp:attachment":[{"href":"https:\/\/www.pgd-sostanj.si\/index.php?rest_route=%2Fwp%2Fv2%2Fmedia&parent=792"}],"curies":[{"name":"wp","href":"https:\/\/api.w.org\/{rel}","templated":true}]}}